{"id":4194,"date":"2025-03-20T10:39:23","date_gmt":"2025-03-20T09:39:23","guid":{"rendered":"https:\/\/bluefigure.com\/?page_id=4194"},"modified":"2025-04-26T21:03:17","modified_gmt":"2025-04-26T19:03:17","slug":"source-dinspiration","status":"publish","type":"page","link":"https:\/\/bluefigure.com\/en\/source-dinspiration\/","title":{"rendered":"INSPIRATIONS"},"content":{"rendered":"<div data-elementor-type=\"wp-page\" data-elementor-id=\"4194\" class=\"elementor elementor-4194\">\n\t\t\t\t\t\t<section class=\"elementor-section elementor-top-section elementor-element elementor-element-fb5f530 elementor-section-boxed elementor-section-height-default elementor-section-height-default\" data-id=\"fb5f530\" data-element_type=\"section\" data-e-type=\"section\">\n\t\t\t\t\t\t<div class=\"elementor-container elementor-column-gap-default\">\n\t\t\t\t\t<div class=\"elementor-column elementor-col-100 elementor-top-column elementor-element elementor-element-5cdcc27\" data-id=\"5cdcc27\" data-element_type=\"column\" data-e-type=\"column\">\n\t\t\t<div class=\"elementor-widget-wrap elementor-element-populated\">\n\t\t\t\t\t\t<div class=\"elementor-element elementor-element-ea5d089 elementor-widget elementor-widget-heading\" data-id=\"ea5d089\" data-element_type=\"widget\" data-e-type=\"widget\" data-widget_type=\"heading.default\">\n\t\t\t\t<div class=\"elementor-widget-container\">\n\t\t\t\t\t<h1 class=\"elementor-heading-title elementor-size-default\">ABOUT\u00a0: INSPIRATIONS<\/h1>\t\t\t\t<\/div>\n\t\t\t\t<\/div>\n\t\t\t\t<div class=\"elementor-element elementor-element-afea823 elementor-widget elementor-widget-text-editor\" data-id=\"afea823\" data-element_type=\"widget\" data-e-type=\"widget\" data-widget_type=\"text-editor.default\">\n\t\t\t\t<div class=\"elementor-widget-container\">\n\t\t\t\t\t\t\t\t\t<p>\u2026 or the harmonious connection with nature and the living world, allowing us to resonate with our inner being. Using ink to paint and assembling this painting with treasures of the past while giving it a second life.<\/p>\t\t\t\t\t\t\t\t<\/div>\n\t\t\t\t<\/div>\n\t\t\t\t\t<\/div>\n\t\t<\/div>\n\t\t\t\t\t<\/div>\n\t\t<\/section>\n\t\t<div class=\"elementor-element elementor-element-49dfe58 e-flex e-con-boxed e-con e-parent\" data-id=\"49dfe58\" data-element_type=\"container\" data-e-type=\"container\">\n\t\t\t\t\t<div class=\"e-con-inner\">\n\t\t<div class=\"elementor-element elementor-element-6bad1c3 e-con-full e-flex e-con e-child\" data-id=\"6bad1c3\" data-element_type=\"container\" data-e-type=\"container\">\n\t\t\t\t<div class=\"elementor-element elementor-element-906e81a elementor-widget elementor-widget-image\" data-id=\"906e81a\" data-element_type=\"widget\" data-e-type=\"widget\" data-widget_type=\"image.default\">\n\t\t\t\t<div class=\"elementor-widget-container\">\n\t\t\t\t\t\t\t\t\t\t\t\t\t\t\t<img fetchpriority=\"high\" decoding=\"async\" width=\"256\" height=\"252\" src=\"https:\/\/bluefigure.com\/wp-content\/uploads\/2025\/03\/IMAGE1-SOURCE-INSPIRATION.jpg\" class=\"attachment-large size-large wp-image-4199\" alt=\"\" srcset=\"https:\/\/bluefigure.com\/wp-content\/uploads\/2025\/03\/IMAGE1-SOURCE-INSPIRATION.jpg 256w, https:\/\/bluefigure.com\/wp-content\/uploads\/2025\/03\/IMAGE1-SOURCE-INSPIRATION-12x12.jpg 12w\" sizes=\"(max-width: 256px) 100vw, 256px\" \/>\t\t\t\t\t\t\t\t\t\t\t\t\t\t\t<\/div>\n\t\t\t\t<\/div>\n\t\t\t\t<\/div>\n\t\t<div class=\"elementor-element elementor-element-6e88e7b e-con-full e-flex e-con e-child\" data-id=\"6e88e7b\" data-element_type=\"container\" data-e-type=\"container\">\n\t\t\t\t<div class=\"elementor-element elementor-element-3b38af5 elementor-widget elementor-widget-heading\" data-id=\"3b38af5\" data-element_type=\"widget\" data-e-type=\"widget\" data-widget_type=\"heading.default\">\n\t\t\t\t<div class=\"elementor-widget-container\">\n\t\t\t\t\t<h2 class=\"elementor-heading-title elementor-size-default\">An Inspiring Medium<\/h2>\t\t\t\t<\/div>\n\t\t\t\t<\/div>\n\t\t\t\t<div class=\"elementor-element elementor-element-29bc04c elementor-widget elementor-widget-text-editor\" data-id=\"29bc04c\" data-element_type=\"widget\" data-e-type=\"widget\" data-widget_type=\"text-editor.default\">\n\t\t\t\t<div class=\"elementor-widget-container\">\n\t\t\t\t\t\t\t\t\t<p>Chinese ink painting does not aim to tell a story or describe something specific.<\/p><p>\u00a0<\/p><p>It is an experience of present, grounded in spontaneous gesture, a simplicity of means, and a kind of economy of expression. Perhaps this is what led me to ink painting after ten years of oil painting practice.<\/p><p>\u00a0<\/p><p>It was also the Sumi-e exhibition at Mus\u00e9e National de la Marine in 2005, where I was overwhelmed by the delightful chaos born from the experience of Beauty. Sometimes, a shock propels one forward.\n<br><br>\n<strong>Inspiration arises from the unexpected that animates both ideas and dreams.<\/strong><\/p>\t\t\t\t\t\t\t\t<\/div>\n\t\t\t\t<\/div>\n\t\t\t\t<\/div>\n\t\t\t\t\t<\/div>\n\t\t\t\t<\/div>\n\t\t<div class=\"elementor-element elementor-element-5e23964 e-flex e-con-boxed e-con e-parent\" data-id=\"5e23964\" data-element_type=\"container\" data-e-type=\"container\">\n\t\t\t\t\t<div class=\"e-con-inner\">\n\t\t<div class=\"elementor-element elementor-element-73fcf35 e-con-full e-flex e-con e-child\" data-id=\"73fcf35\" data-element_type=\"container\" data-e-type=\"container\">\n\t\t\t\t<div class=\"elementor-element elementor-element-68aef0d elementor-widget elementor-widget-heading\" data-id=\"68aef0d\" data-element_type=\"widget\" data-e-type=\"widget\" data-widget_type=\"heading.default\">\n\t\t\t\t<div class=\"elementor-widget-container\">\n\t\t\t\t\t<h2 class=\"elementor-heading-title elementor-size-default\">Nature as Inspiration<\/h2>\t\t\t\t<\/div>\n\t\t\t\t<\/div>\n\t\t\t\t<div class=\"elementor-element elementor-element-87c3df3 elementor-widget elementor-widget-text-editor\" data-id=\"87c3df3\" data-element_type=\"widget\" data-e-type=\"widget\" data-widget_type=\"text-editor.default\">\n\t\t\t\t<div class=\"elementor-widget-container\">\n\t\t\t\t\t\t\t\t\t<p>This gave birth to ink paintings that exist into the space between figuration and abstraction, readable both right-side up and upside down. The interplay of values, shadow, and light reveals itself in landscapes that are understated, stripped down, and timeless. Another world is summoned, a silent and poetic 'elsewhere' evoking origins.<\/p>\t\t\t\t\t\t\t\t<\/div>\n\t\t\t\t<\/div>\n\t\t\t\t<\/div>\n\t\t<div class=\"elementor-element elementor-element-a9a69ea e-con-full e-flex e-con e-child\" data-id=\"a9a69ea\" data-element_type=\"container\" data-e-type=\"container\">\n\t\t\t\t<div class=\"elementor-element elementor-element-748b910 elementor-widget elementor-widget-image\" data-id=\"748b910\" data-element_type=\"widget\" data-e-type=\"widget\" data-widget_type=\"image.default\">\n\t\t\t\t<div class=\"elementor-widget-container\">\n\t\t\t\t\t\t\t\t\t\t\t\t\t\t\t<img decoding=\"async\" width=\"1000\" height=\"1000\" src=\"https:\/\/bluefigure.com\/wp-content\/uploads\/2025\/03\/IMAGE-2-SOURCE-INSPIRATION-2.png\" class=\"attachment-full size-full wp-image-4203\" alt=\"\" srcset=\"https:\/\/bluefigure.com\/wp-content\/uploads\/2025\/03\/IMAGE-2-SOURCE-INSPIRATION-2.png 1000w, https:\/\/bluefigure.com\/wp-content\/uploads\/2025\/03\/IMAGE-2-SOURCE-INSPIRATION-2-300x300.png 300w, https:\/\/bluefigure.com\/wp-content\/uploads\/2025\/03\/IMAGE-2-SOURCE-INSPIRATION-2-150x150.png 150w, https:\/\/bluefigure.com\/wp-content\/uploads\/2025\/03\/IMAGE-2-SOURCE-INSPIRATION-2-768x768.png 768w, https:\/\/bluefigure.com\/wp-content\/uploads\/2025\/03\/IMAGE-2-SOURCE-INSPIRATION-2-12x12.png 12w\" sizes=\"(max-width: 1000px) 100vw, 1000px\" \/>\t\t\t\t\t\t\t\t\t\t\t\t\t\t\t<\/div>\n\t\t\t\t<\/div>\n\t\t\t\t<\/div>\n\t\t\t\t\t<\/div>\n\t\t\t\t<\/div>\n\t\t<div class=\"elementor-element elementor-element-1328a67 e-flex e-con-boxed e-con e-parent\" data-id=\"1328a67\" data-element_type=\"container\" data-e-type=\"container\">\n\t\t\t\t\t<div class=\"e-con-inner\">\n\t\t<div class=\"elementor-element elementor-element-0a3124e e-con-full e-flex e-con e-child\" data-id=\"0a3124e\" data-element_type=\"container\" data-e-type=\"container\">\n\t\t\t\t<div class=\"elementor-element elementor-element-aa83c96 elementor-widget elementor-widget-image\" data-id=\"aa83c96\" data-element_type=\"widget\" data-e-type=\"widget\" data-widget_type=\"image.default\">\n\t\t\t\t<div class=\"elementor-widget-container\">\n\t\t\t\t\t\t\t\t\t\t\t\t\t\t\t<img decoding=\"async\" width=\"468\" height=\"468\" src=\"https:\/\/bluefigure.com\/wp-content\/uploads\/2025\/03\/IMAGE-3-SOURCE-INSPIRATION.jpg\" class=\"attachment-large size-large wp-image-4207\" alt=\"\" srcset=\"https:\/\/bluefigure.com\/wp-content\/uploads\/2025\/03\/IMAGE-3-SOURCE-INSPIRATION.jpg 468w, https:\/\/bluefigure.com\/wp-content\/uploads\/2025\/03\/IMAGE-3-SOURCE-INSPIRATION-300x300.jpg 300w, https:\/\/bluefigure.com\/wp-content\/uploads\/2025\/03\/IMAGE-3-SOURCE-INSPIRATION-150x150.jpg 150w, https:\/\/bluefigure.com\/wp-content\/uploads\/2025\/03\/IMAGE-3-SOURCE-INSPIRATION-12x12.jpg 12w\" sizes=\"(max-width: 468px) 100vw, 468px\" \/>\t\t\t\t\t\t\t\t\t\t\t\t\t\t\t<\/div>\n\t\t\t\t<\/div>\n\t\t\t\t<\/div>\n\t\t<div class=\"elementor-element elementor-element-ee73589 e-con-full e-flex e-con e-child\" data-id=\"ee73589\" data-element_type=\"container\" data-e-type=\"container\">\n\t\t\t\t<div class=\"elementor-element elementor-element-35a0d4e elementor-widget elementor-widget-heading\" data-id=\"35a0d4e\" data-element_type=\"widget\" data-e-type=\"widget\" data-widget_type=\"heading.default\">\n\t\t\t\t<div class=\"elementor-widget-container\">\n\t\t\t\t\t<h2 class=\"elementor-heading-title elementor-size-default\">Old Papers<\/h2>\t\t\t\t<\/div>\n\t\t\t\t<\/div>\n\t\t\t\t<div class=\"elementor-element elementor-element-31535fd elementor-widget elementor-widget-text-editor\" data-id=\"31535fd\" data-element_type=\"widget\" data-e-type=\"widget\" data-widget_type=\"text-editor.default\">\n\t\t\t\t<div class=\"elementor-widget-container\">\n\t\t\t\t\t\t\t\t\t<p>And then, why not draw inspiration from the invisible, which sometimes calls us? When I roam through flea markets or old bookstores, I feel drawn toward certain ancient papers, that seem inhabited and alive... Thus, through this journey and these encounters, the idea of Assemblages was born.<\/p>\t\t\t\t\t\t\t\t<\/div>\n\t\t\t\t<\/div>\n\t\t\t\t<\/div>\n\t\t\t\t\t<\/div>\n\t\t\t\t<\/div>\n\t\t\t\t<\/div>","protected":false},"excerpt":{"rendered":"<p>A PROPOS : Source d&rsquo;inspiration \u2026 ou le rapport harmonieux \u00e0 la nature et au vivant qui permet d\u2019entrer en r\u00e9sonnance avec notre vie int\u00e9rieure. Peindre \u00e0 l\u2019encre et aussi assembler cette peinture \u00e0 partir de l\u2019art du pass\u00e9 et le faire revivre au pr\u00e9sent. Un m\u00e9dium inspirant La peinture \u00e0 l\u2019encre de Chine ne [&hellip;]<\/p>\n","protected":false},"author":1,"featured_media":0,"parent":0,"menu_order":0,"comment_status":"closed","ping_status":"closed","template":"","meta":{"site-sidebar-layout":"no-sidebar","site-content-layout":"page-builder","ast-site-content-layout":"full-width-container","site-content-style":"unboxed","site-sidebar-style":"unboxed","ast-global-header-display":"","ast-banner-title-visibility":"","ast-main-header-display":"","ast-hfb-above-header-display":"","ast-hfb-below-header-display":"","ast-hfb-mobile-header-display":"","site-post-title":"disabled","ast-breadcrumbs-content":"","ast-featured-img":"disabled","footer-sml-layout":"","theme-transparent-header-meta":"disabled","adv-header-id-meta":"","stick-header-meta":"","header-above-stick-meta":"","header-main-stick-meta":"","header-below-stick-meta":"","astra-migrate-meta-layouts":"set","ast-page-background-enabled":"default","ast-page-background-meta":{"desktop":{"background-color":"var(--ast-global-color-4)","background-image":"","background-repeat":"repeat","background-position":"center center","background-size":"auto","background-attachment":"scroll","background-type":"","background-media":"","overlay-type":"","overlay-color":"","overlay-opacity":"","overlay-gradient":""},"tablet":{"background-color":"","background-image":"","background-repeat":"repeat","background-position":"center center","background-size":"auto","background-attachment":"scroll","background-type":"","background-media":"","overlay-type":"","overlay-color":"","overlay-opacity":"","overlay-gradient":""},"mobile":{"background-color":"","background-image":"","background-repeat":"repeat","background-position":"center center","background-size":"auto","background-attachment":"scroll","background-type":"","background-media":"","overlay-type":"","overlay-color":"","overlay-opacity":"","overlay-gradient":""}},"ast-content-background-meta":{"desktop":{"background-color":"var(--ast-global-color-5)","background-image":"","background-repeat":"repeat","background-position":"center center","background-size":"auto","background-attachment":"scroll","background-type":"","background-media":"","overlay-type":"","overlay-color":"","overlay-opacity":"","overlay-gradient":""},"tablet":{"background-color":"var(--ast-global-color-5)","background-image":"","background-repeat":"repeat","background-position":"center center","background-size":"auto","background-attachment":"scroll","background-type":"","background-media":"","overlay-type":"","overlay-color":"","overlay-opacity":"","overlay-gradient":""},"mobile":{"background-color":"var(--ast-global-color-5)","background-image":"","background-repeat":"repeat","background-position":"center center","background-size":"auto","background-attachment":"scroll","background-type":"","background-media":"","overlay-type":"","overlay-color":"","overlay-opacity":"","overlay-gradient":""}},"footnotes":""},"class_list":["post-4194","page","type-page","status-publish","hentry"],"yoast_head":"<!-- This site is optimized with the Yoast SEO plugin v27.5 - https:\/\/yoast.com\/product\/yoast-seo-wordpress\/ -->\n<title>Un art po\u00e9tique inspir\u00e9 par la nature et la spiritualit\u00e9<\/title>\n<meta name=\"description\" content=\"Une peinture de l&#039;exp\u00e9rience du moment pr\u00e9sent, inspir\u00e9e par la nature, la spiritualit\u00e9, l&#039;art des anciens ma\u00eetres et les vieux papiers chin\u00e9s.\" \/>\n<meta name=\"robots\" content=\"index, follow, max-snippet:-1, max-image-preview:large, max-video-preview:-1\" \/>\n<link rel=\"canonical\" href=\"https:\/\/bluefigure.com\/en\/source-dinspiration\/\" \/>\n<meta property=\"og:locale\" content=\"en_US\" \/>\n<meta property=\"og:type\" content=\"article\" \/>\n<meta property=\"og:title\" content=\"Un art po\u00e9tique inspir\u00e9 par la nature et la spiritualit\u00e9\" \/>\n<meta property=\"og:description\" content=\"Une peinture de l&#039;exp\u00e9rience du moment pr\u00e9sent, inspir\u00e9e par la nature, la spiritualit\u00e9, l&#039;art des anciens ma\u00eetres et les vieux papiers chin\u00e9s.\" \/>\n<meta property=\"og:url\" content=\"https:\/\/bluefigure.com\/en\/source-dinspiration\/\" \/>\n<meta property=\"og:site_name\" content=\"V\u00e9ronique TERRIEUX\" \/>\n<meta property=\"article:modified_time\" content=\"2025-04-26T19:03:17+00:00\" \/>\n<meta property=\"og:image\" content=\"https:\/\/bluefigure.com\/wp-content\/uploads\/2025\/03\/IMAGE1-SOURCE-INSPIRATION.jpg\" \/>\n\t<meta property=\"og:image:width\" content=\"256\" \/>\n\t<meta property=\"og:image:height\" content=\"252\" \/>\n\t<meta property=\"og:image:type\" content=\"image\/jpeg\" \/>\n<meta name=\"twitter:card\" content=\"summary_large_image\" \/>\n<meta name=\"twitter:label1\" content=\"Est. reading time\" \/>\n\t<meta name=\"twitter:data1\" content=\"2 minutes\" \/>\n<script type=\"application\/ld+json\" class=\"yoast-schema-graph\">{\"@context\":\"https:\\\/\\\/schema.org\",\"@graph\":[{\"@type\":\"WebPage\",\"@id\":\"https:\\\/\\\/bluefigure.com\\\/source-dinspiration\\\/\",\"url\":\"https:\\\/\\\/bluefigure.com\\\/source-dinspiration\\\/\",\"name\":\"Un art po\u00e9tique inspir\u00e9 par la nature et la spiritualit\u00e9\",\"isPartOf\":{\"@id\":\"https:\\\/\\\/bluefigure.com\\\/#website\"},\"primaryImageOfPage\":{\"@id\":\"https:\\\/\\\/bluefigure.com\\\/source-dinspiration\\\/#primaryimage\"},\"image\":{\"@id\":\"https:\\\/\\\/bluefigure.com\\\/source-dinspiration\\\/#primaryimage\"},\"thumbnailUrl\":\"https:\\\/\\\/bluefigure.com\\\/wp-content\\\/uploads\\\/2025\\\/03\\\/IMAGE1-SOURCE-INSPIRATION.jpg\",\"datePublished\":\"2025-03-20T09:39:23+00:00\",\"dateModified\":\"2025-04-26T19:03:17+00:00\",\"description\":\"Une peinture de l'exp\u00e9rience du moment pr\u00e9sent, inspir\u00e9e par la nature, la spiritualit\u00e9, l'art des anciens ma\u00eetres et les vieux papiers chin\u00e9s.\",\"breadcrumb\":{\"@id\":\"https:\\\/\\\/bluefigure.com\\\/source-dinspiration\\\/#breadcrumb\"},\"inLanguage\":\"en-US\",\"potentialAction\":[{\"@type\":\"ReadAction\",\"target\":[\"https:\\\/\\\/bluefigure.com\\\/source-dinspiration\\\/\"]}]},{\"@type\":\"ImageObject\",\"inLanguage\":\"en-US\",\"@id\":\"https:\\\/\\\/bluefigure.com\\\/source-dinspiration\\\/#primaryimage\",\"url\":\"https:\\\/\\\/bluefigure.com\\\/wp-content\\\/uploads\\\/2025\\\/03\\\/IMAGE1-SOURCE-INSPIRATION.jpg\",\"contentUrl\":\"https:\\\/\\\/bluefigure.com\\\/wp-content\\\/uploads\\\/2025\\\/03\\\/IMAGE1-SOURCE-INSPIRATION.jpg\"},{\"@type\":\"BreadcrumbList\",\"@id\":\"https:\\\/\\\/bluefigure.com\\\/source-dinspiration\\\/#breadcrumb\",\"itemListElement\":[{\"@type\":\"ListItem\",\"position\":1,\"name\":\"Accueil\",\"item\":\"https:\\\/\\\/bluefigure.com\\\/\"},{\"@type\":\"ListItem\",\"position\":2,\"name\":\"Source d&rsquo;inspiration\"}]},{\"@type\":\"WebSite\",\"@id\":\"https:\\\/\\\/bluefigure.com\\\/#website\",\"url\":\"https:\\\/\\\/bluefigure.com\\\/\",\"name\":\"V\u00e9ronique TERRIEUX - Bluefigure\",\"description\":\"Artiste peintre fran\u00e7aise\",\"publisher\":{\"@id\":\"https:\\\/\\\/bluefigure.com\\\/#\\\/schema\\\/person\\\/3168086d808b44baee7e401f0116c2fd\"},\"potentialAction\":[{\"@type\":\"SearchAction\",\"target\":{\"@type\":\"EntryPoint\",\"urlTemplate\":\"https:\\\/\\\/bluefigure.com\\\/?s={search_term_string}\"},\"query-input\":{\"@type\":\"PropertyValueSpecification\",\"valueRequired\":true,\"valueName\":\"search_term_string\"}}],\"inLanguage\":\"en-US\"},{\"@type\":[\"Person\",\"Organization\"],\"@id\":\"https:\\\/\\\/bluefigure.com\\\/#\\\/schema\\\/person\\\/3168086d808b44baee7e401f0116c2fd\",\"name\":\"V\u00e9ronique TERRIEUX\",\"image\":{\"@type\":\"ImageObject\",\"inLanguage\":\"en-US\",\"@id\":\"https:\\\/\\\/bluefigure.com\\\/wp-content\\\/uploads\\\/2024\\\/12\\\/cropped-LOGO-Veronique-Terrieux.png\",\"url\":\"https:\\\/\\\/bluefigure.com\\\/wp-content\\\/uploads\\\/2024\\\/12\\\/cropped-LOGO-Veronique-Terrieux.png\",\"contentUrl\":\"https:\\\/\\\/bluefigure.com\\\/wp-content\\\/uploads\\\/2024\\\/12\\\/cropped-LOGO-Veronique-Terrieux.png\",\"width\":512,\"height\":512,\"caption\":\"V\u00e9ronique TERRIEUX\"},\"logo\":{\"@id\":\"https:\\\/\\\/bluefigure.com\\\/wp-content\\\/uploads\\\/2024\\\/12\\\/cropped-LOGO-Veronique-Terrieux.png\"}}]}<\/script>\n<!-- \/ Yoast SEO plugin. -->","yoast_head_json":{"title":"Un art po\u00e9tique inspir\u00e9 par la nature et la spiritualit\u00e9","description":"Une peinture de l'exp\u00e9rience du moment pr\u00e9sent, inspir\u00e9e par la nature, la spiritualit\u00e9, l'art des anciens ma\u00eetres et les vieux papiers chin\u00e9s.","robots":{"index":"index","follow":"follow","max-snippet":"max-snippet:-1","max-image-preview":"max-image-preview:large","max-video-preview":"max-video-preview:-1"},"canonical":"https:\/\/bluefigure.com\/en\/source-dinspiration\/","og_locale":"en_US","og_type":"article","og_title":"Un art po\u00e9tique inspir\u00e9 par la nature et la spiritualit\u00e9","og_description":"Une peinture de l'exp\u00e9rience du moment pr\u00e9sent, inspir\u00e9e par la nature, la spiritualit\u00e9, l'art des anciens ma\u00eetres et les vieux papiers chin\u00e9s.","og_url":"https:\/\/bluefigure.com\/en\/source-dinspiration\/","og_site_name":"V\u00e9ronique TERRIEUX","article_modified_time":"2025-04-26T19:03:17+00:00","og_image":[{"width":256,"height":252,"url":"https:\/\/bluefigure.com\/wp-content\/uploads\/2025\/03\/IMAGE1-SOURCE-INSPIRATION.jpg","type":"image\/jpeg"}],"twitter_card":"summary_large_image","twitter_misc":{"Est. reading time":"2 minutes"},"schema":{"@context":"https:\/\/schema.org","@graph":[{"@type":"WebPage","@id":"https:\/\/bluefigure.com\/source-dinspiration\/","url":"https:\/\/bluefigure.com\/source-dinspiration\/","name":"Un art po\u00e9tique inspir\u00e9 par la nature et la spiritualit\u00e9","isPartOf":{"@id":"https:\/\/bluefigure.com\/#website"},"primaryImageOfPage":{"@id":"https:\/\/bluefigure.com\/source-dinspiration\/#primaryimage"},"image":{"@id":"https:\/\/bluefigure.com\/source-dinspiration\/#primaryimage"},"thumbnailUrl":"https:\/\/bluefigure.com\/wp-content\/uploads\/2025\/03\/IMAGE1-SOURCE-INSPIRATION.jpg","datePublished":"2025-03-20T09:39:23+00:00","dateModified":"2025-04-26T19:03:17+00:00","description":"Une peinture de l'exp\u00e9rience du moment pr\u00e9sent, inspir\u00e9e par la nature, la spiritualit\u00e9, l'art des anciens ma\u00eetres et les vieux papiers chin\u00e9s.","breadcrumb":{"@id":"https:\/\/bluefigure.com\/source-dinspiration\/#breadcrumb"},"inLanguage":"en-US","potentialAction":[{"@type":"ReadAction","target":["https:\/\/bluefigure.com\/source-dinspiration\/"]}]},{"@type":"ImageObject","inLanguage":"en-US","@id":"https:\/\/bluefigure.com\/source-dinspiration\/#primaryimage","url":"https:\/\/bluefigure.com\/wp-content\/uploads\/2025\/03\/IMAGE1-SOURCE-INSPIRATION.jpg","contentUrl":"https:\/\/bluefigure.com\/wp-content\/uploads\/2025\/03\/IMAGE1-SOURCE-INSPIRATION.jpg"},{"@type":"BreadcrumbList","@id":"https:\/\/bluefigure.com\/source-dinspiration\/#breadcrumb","itemListElement":[{"@type":"ListItem","position":1,"name":"Accueil","item":"https:\/\/bluefigure.com\/"},{"@type":"ListItem","position":2,"name":"Source d&rsquo;inspiration"}]},{"@type":"WebSite","@id":"https:\/\/bluefigure.com\/#website","url":"https:\/\/bluefigure.com\/","name":"V\u00e9ronique TERRIEUX - Bluefigure","description":"Artiste peintre fran\u00e7aise","publisher":{"@id":"https:\/\/bluefigure.com\/#\/schema\/person\/3168086d808b44baee7e401f0116c2fd"},"potentialAction":[{"@type":"SearchAction","target":{"@type":"EntryPoint","urlTemplate":"https:\/\/bluefigure.com\/?s={search_term_string}"},"query-input":{"@type":"PropertyValueSpecification","valueRequired":true,"valueName":"search_term_string"}}],"inLanguage":"en-US"},{"@type":["Person","Organization"],"@id":"https:\/\/bluefigure.com\/#\/schema\/person\/3168086d808b44baee7e401f0116c2fd","name":"V\u00e9ronique TERRIEUX","image":{"@type":"ImageObject","inLanguage":"en-US","@id":"https:\/\/bluefigure.com\/wp-content\/uploads\/2024\/12\/cropped-LOGO-Veronique-Terrieux.png","url":"https:\/\/bluefigure.com\/wp-content\/uploads\/2024\/12\/cropped-LOGO-Veronique-Terrieux.png","contentUrl":"https:\/\/bluefigure.com\/wp-content\/uploads\/2024\/12\/cropped-LOGO-Veronique-Terrieux.png","width":512,"height":512,"caption":"V\u00e9ronique TERRIEUX"},"logo":{"@id":"https:\/\/bluefigure.com\/wp-content\/uploads\/2024\/12\/cropped-LOGO-Veronique-Terrieux.png"}}]}},"_links":{"self":[{"href":"https:\/\/bluefigure.com\/en\/wp-json\/wp\/v2\/pages\/4194","targetHints":{"allow":["GET"]}}],"collection":[{"href":"https:\/\/bluefigure.com\/en\/wp-json\/wp\/v2\/pages"}],"about":[{"href":"https:\/\/bluefigure.com\/en\/wp-json\/wp\/v2\/types\/page"}],"author":[{"embeddable":true,"href":"https:\/\/bluefigure.com\/en\/wp-json\/wp\/v2\/users\/1"}],"replies":[{"embeddable":true,"href":"https:\/\/bluefigure.com\/en\/wp-json\/wp\/v2\/comments?post=4194"}],"version-history":[{"count":49,"href":"https:\/\/bluefigure.com\/en\/wp-json\/wp\/v2\/pages\/4194\/revisions"}],"predecessor-version":[{"id":5303,"href":"https:\/\/bluefigure.com\/en\/wp-json\/wp\/v2\/pages\/4194\/revisions\/5303"}],"wp:attachment":[{"href":"https:\/\/bluefigure.com\/en\/wp-json\/wp\/v2\/media?parent=4194"}],"curies":[{"name":"wp","href":"https:\/\/api.w.org\/{rel}","templated":true}]}}