{"id":4170,"date":"2025-03-19T19:08:05","date_gmt":"2025-03-19T18:08:05","guid":{"rendered":"https:\/\/bluefigure.com\/?page_id=4170"},"modified":"2025-04-27T18:43:28","modified_gmt":"2025-04-27T16:43:28","slug":"processus-creatif","status":"publish","type":"page","link":"https:\/\/bluefigure.com\/en\/processus-creatif\/","title":{"rendered":"Creative process"},"content":{"rendered":"<div data-elementor-type=\"wp-page\" data-elementor-id=\"4170\" class=\"elementor elementor-4170\">\n\t\t\t\t\t\t<section class=\"elementor-section elementor-top-section elementor-element elementor-element-fb5f530 elementor-section-boxed elementor-section-height-default elementor-section-height-default\" data-id=\"fb5f530\" data-element_type=\"section\" data-e-type=\"section\">\n\t\t\t\t\t\t<div class=\"elementor-container elementor-column-gap-default\">\n\t\t\t\t\t<div class=\"elementor-column elementor-col-100 elementor-top-column elementor-element elementor-element-5cdcc27\" data-id=\"5cdcc27\" data-element_type=\"column\" data-e-type=\"column\">\n\t\t\t<div class=\"elementor-widget-wrap elementor-element-populated\">\n\t\t\t\t\t\t<div class=\"elementor-element elementor-element-ea5d089 elementor-widget elementor-widget-heading\" data-id=\"ea5d089\" data-element_type=\"widget\" data-e-type=\"widget\" data-widget_type=\"heading.default\">\n\t\t\t\t<div class=\"elementor-widget-container\">\n\t\t\t\t\t<h1 class=\"elementor-heading-title elementor-size-default\">ABOUT\u00a0: CREATIVE PROCESS<\/h1>\t\t\t\t<\/div>\n\t\t\t\t<\/div>\n\t\t\t\t\t<\/div>\n\t\t<\/div>\n\t\t\t\t\t<\/div>\n\t\t<\/section>\n\t\t<div class=\"elementor-element elementor-element-49dfe58 e-flex e-con-boxed e-con e-parent\" data-id=\"49dfe58\" data-element_type=\"container\" data-e-type=\"container\">\n\t\t\t\t\t<div class=\"e-con-inner\">\n\t\t<div class=\"elementor-element elementor-element-6bad1c3 e-con-full e-flex e-con e-child\" data-id=\"6bad1c3\" data-element_type=\"container\" data-e-type=\"container\">\n\t\t\t\t<div class=\"elementor-element elementor-element-906e81a elementor-widget elementor-widget-image\" data-id=\"906e81a\" data-element_type=\"widget\" data-e-type=\"widget\" data-widget_type=\"image.default\">\n\t\t\t\t<div class=\"elementor-widget-container\">\n\t\t\t\t\t\t\t\t\t\t\t\t\t\t\t<img fetchpriority=\"high\" decoding=\"async\" width=\"635\" height=\"1024\" src=\"https:\/\/bluefigure.com\/wp-content\/uploads\/2025\/03\/Processus-creatif-635x1024.jpg\" class=\"attachment-large size-large wp-image-4235\" alt=\"\" srcset=\"https:\/\/bluefigure.com\/wp-content\/uploads\/2025\/03\/Processus-creatif-635x1024.jpg 635w, https:\/\/bluefigure.com\/wp-content\/uploads\/2025\/03\/Processus-creatif-186x300.jpg 186w, https:\/\/bluefigure.com\/wp-content\/uploads\/2025\/03\/Processus-creatif-768x1238.jpg 768w, https:\/\/bluefigure.com\/wp-content\/uploads\/2025\/03\/Processus-creatif-953x1536.jpg 953w, https:\/\/bluefigure.com\/wp-content\/uploads\/2025\/03\/Processus-creatif-1271x2048.jpg 1271w, https:\/\/bluefigure.com\/wp-content\/uploads\/2025\/03\/Processus-creatif-7x12.jpg 7w, https:\/\/bluefigure.com\/wp-content\/uploads\/2025\/03\/Processus-creatif.jpg 1405w\" sizes=\"(max-width: 635px) 100vw, 635px\" \/>\t\t\t\t\t\t\t\t\t\t\t\t\t\t\t<\/div>\n\t\t\t\t<\/div>\n\t\t\t\t<\/div>\n\t\t<div class=\"elementor-element elementor-element-6e88e7b e-con-full e-flex e-con e-child\" data-id=\"6e88e7b\" data-element_type=\"container\" data-e-type=\"container\">\n\t\t\t\t<div class=\"elementor-element elementor-element-29bc04c elementor-widget elementor-widget-text-editor\" data-id=\"29bc04c\" data-element_type=\"widget\" data-e-type=\"widget\" data-widget_type=\"text-editor.default\">\n\t\t\t\t<div class=\"elementor-widget-container\">\n\t\t\t\t\t\t\t\t\t<p style=\"text-align: left;\"><em><strong>\u00ab Softness of Ink - Veil on the Unseen - Light Thoughts\u00a0\u00bb.<\/strong><\/em><\/p><p>\u00a0<\/p><p style=\"text-align: left;\">This fragment of poetry could summarize my creative process. It is a delicate exercise because, as it is unique to each artist who takes the risk of revealing an intimate part of themselves.<\/p><p style=\"text-align: left;\">It is also, and above all, a reflection of one's inner world within a subjective reality that transcends time. The act of creation may even occur in an altered state of consciousness, much like in a dream\u2026<\/p>\t\t\t\t\t\t\t\t<\/div>\n\t\t\t\t<\/div>\n\t\t\t\t<\/div>\n\t\t\t\t\t<\/div>\n\t\t\t\t<\/div>\n\t\t\t\t<section class=\"elementor-section elementor-top-section elementor-element elementor-element-933326c elementor-section-boxed elementor-section-height-default elementor-section-height-default\" data-id=\"933326c\" data-element_type=\"section\" data-e-type=\"section\">\n\t\t\t\t\t\t<div class=\"elementor-container elementor-column-gap-default\">\n\t\t\t\t\t<div class=\"elementor-column elementor-col-100 elementor-top-column elementor-element elementor-element-19d4182\" data-id=\"19d4182\" data-element_type=\"column\" data-e-type=\"column\">\n\t\t\t<div class=\"elementor-widget-wrap elementor-element-populated\">\n\t\t\t\t\t\t<div class=\"elementor-element elementor-element-be48a27 elementor-widget elementor-widget-text-editor\" data-id=\"be48a27\" data-element_type=\"widget\" data-e-type=\"widget\" data-widget_type=\"text-editor.default\">\n\t\t\t\t<div class=\"elementor-widget-container\">\n\t\t\t\t\t\t\t\t\t<p>The art historian Yassana Croizat-Glazer shed light on my creative process through insightful and relevant questions during an interview for the New York-based magazine A Women\u2019s Thing (on the occasion of the Off Canvas exhibition in 2020). She also explored it in her presentation of ASSEMBLAGES, a solo exhibition organized in 2023 by YCG Fine Art.<\/p>\t\t\t\t\t\t\t\t<\/div>\n\t\t\t\t<\/div>\n\t\t\t\t\t<\/div>\n\t\t<\/div>\n\t\t\t\t\t<\/div>\n\t\t<\/section>\n\t\t\t\t<section class=\"elementor-section elementor-top-section elementor-element elementor-element-ec1df3e elementor-section-boxed elementor-section-height-default elementor-section-height-default\" data-id=\"ec1df3e\" data-element_type=\"section\" data-e-type=\"section\">\n\t\t\t\t\t\t<div class=\"elementor-container elementor-column-gap-wider\">\n\t\t\t\t\t<div class=\"elementor-column elementor-col-50 elementor-top-column elementor-element elementor-element-83e63d0\" data-id=\"83e63d0\" data-element_type=\"column\" data-e-type=\"column\" id=\"hover-tuile-v2\">\n\t\t\t<div class=\"elementor-widget-wrap elementor-element-populated\">\n\t\t\t\t\t\t<div class=\"elementor-element elementor-element-db317fe elementor-widget elementor-widget-heading\" data-id=\"db317fe\" data-element_type=\"widget\" data-e-type=\"widget\" data-widget_type=\"heading.default\">\n\t\t\t\t<div class=\"elementor-widget-container\">\n\t\t\t\t\t<h2 class=\"elementor-heading-title elementor-size-default\"><a href=\"https:\/\/bluefigure.com\/wp-content\/uploads\/2025\/04\/ABOUT-CREATIVE-PROCESS-A-WOMEN-THING.pdf\" target=\"_blank\">A women's thing<\/a><\/h2>\t\t\t\t<\/div>\n\t\t\t\t<\/div>\n\t\t\t\t<div class=\"elementor-element elementor-element-b3850bb elementor-widget elementor-widget-text-editor\" data-id=\"b3850bb\" data-element_type=\"widget\" data-e-type=\"widget\" data-widget_type=\"text-editor.default\">\n\t\t\t\t<div class=\"elementor-widget-container\">\n\t\t\t\t\t\t\t\t\t<p style=\"text-align: center;\"><em>Magazine interview <\/em><\/p>\t\t\t\t\t\t\t\t<\/div>\n\t\t\t\t<\/div>\n\t\t\t\t<div class=\"elementor-element elementor-element-94acafb elementor-widget elementor-widget-heading\" data-id=\"94acafb\" data-element_type=\"widget\" data-e-type=\"widget\" data-widget_type=\"heading.default\">\n\t\t\t\t<div class=\"elementor-widget-container\">\n\t\t\t\t\t<h3 class=\"elementor-heading-title elementor-size-default\"><a href=\"https:\/\/bluefigure.com\/wp-content\/uploads\/2025\/04\/ABOUT-CREATIVE-PROCESS-A-WOMEN-THING.pdf\" target=\"_blank\">&gt; Click here&nbsp;<\/a><\/h3>\t\t\t\t<\/div>\n\t\t\t\t<\/div>\n\t\t\t\t<div class=\"elementor-element elementor-element-19222be elementor-widget elementor-widget-image\" data-id=\"19222be\" data-element_type=\"widget\" data-e-type=\"widget\" data-widget_type=\"image.default\">\n\t\t\t\t<div class=\"elementor-widget-container\">\n\t\t\t\t\t\t\t\t\t\t\t\t\t\t\t\t<a href=\"https:\/\/bluefigure.com\/wp-content\/uploads\/2025\/04\/ABOUT-CREATIVE-PROCESS-A-WOMEN-THING.pdf\" target=\"_blank\">\n\t\t\t\t\t\t\t<img decoding=\"async\" width=\"576\" height=\"1024\" src=\"https:\/\/bluefigure.com\/wp-content\/uploads\/2025\/03\/INTERVIEW-MAGAZINE-576x1024.png\" class=\"attachment-large size-large wp-image-4267\" alt=\"\" srcset=\"\" sizes=\"(max-width: 576px) 100vw, 576px\" data-srcset=\"\" \/>\t\t\t\t\t\t\t\t<\/a>\n\t\t\t\t\t\t\t\t\t\t\t\t\t\t\t<\/div>\n\t\t\t\t<\/div>\n\t\t\t\t\t<\/div>\n\t\t<\/div>\n\t\t\t\t<div class=\"elementor-column elementor-col-50 elementor-top-column elementor-element elementor-element-05706d9\" data-id=\"05706d9\" data-element_type=\"column\" data-e-type=\"column\" id=\"hover-tuile-v2\">\n\t\t\t<div class=\"elementor-widget-wrap elementor-element-populated\">\n\t\t\t\t\t\t<div class=\"elementor-element elementor-element-e3b840b elementor-widget elementor-widget-heading\" data-id=\"e3b840b\" data-element_type=\"widget\" data-e-type=\"widget\" data-widget_type=\"heading.default\">\n\t\t\t\t<div class=\"elementor-widget-container\">\n\t\t\t\t\t<h2 class=\"elementor-heading-title elementor-size-default\"><a href=\"https:\/\/bluefigure.com\/wp-content\/uploads\/2025\/03\/A-PROPOS-EXPOSITION-ASSEMBLAGES.pdf\" target=\"_blank\">\u00ab\u00a0ASSEMBLAGES\u00a0\u00bb<\/a><\/h2>\t\t\t\t<\/div>\n\t\t\t\t<\/div>\n\t\t\t\t<div class=\"elementor-element elementor-element-bd7619c elementor-widget elementor-widget-text-editor\" data-id=\"bd7619c\" data-element_type=\"widget\" data-e-type=\"widget\" data-widget_type=\"text-editor.default\">\n\t\t\t\t<div class=\"elementor-widget-container\">\n\t\t\t\t\t\t\t\t\t<p style=\"text-align: center;\"><em>Solo show <\/em><\/p>\t\t\t\t\t\t\t\t<\/div>\n\t\t\t\t<\/div>\n\t\t\t\t<div class=\"elementor-element elementor-element-79e5999 elementor-widget elementor-widget-heading\" data-id=\"79e5999\" data-element_type=\"widget\" data-e-type=\"widget\" data-widget_type=\"heading.default\">\n\t\t\t\t<div class=\"elementor-widget-container\">\n\t\t\t\t\t<h3 class=\"elementor-heading-title elementor-size-default\"><a href=\"https:\/\/bluefigure.com\/wp-content\/uploads\/2025\/03\/A-PROPOS-EXPOSITION-ASSEMBLAGES.pdf\" target=\"_blank\">&gt; Click here<\/a><\/h3>\t\t\t\t<\/div>\n\t\t\t\t<\/div>\n\t\t\t\t<div class=\"elementor-element elementor-element-bc2a499 elementor-widget elementor-widget-image\" data-id=\"bc2a499\" data-element_type=\"widget\" data-e-type=\"widget\" data-widget_type=\"image.default\">\n\t\t\t\t<div class=\"elementor-widget-container\">\n\t\t\t\t\t\t\t\t\t\t\t\t\t\t\t\t<a href=\"https:\/\/bluefigure.com\/wp-content\/uploads\/2025\/03\/A-PROPOS-EXPOSITION-ASSEMBLAGES.pdf\" target=\"_blank\">\n\t\t\t\t\t\t\t<img decoding=\"async\" width=\"576\" height=\"1024\" src=\"https:\/\/bluefigure.com\/wp-content\/uploads\/2025\/03\/EXPOSITION-PERSONNELLE-576x1024.png\" class=\"attachment-large size-large wp-image-4266\" alt=\"\" srcset=\"\" sizes=\"(max-width: 576px) 100vw, 576px\" data-srcset=\"\" \/>\t\t\t\t\t\t\t\t<\/a>\n\t\t\t\t\t\t\t\t\t\t\t\t\t\t\t<\/div>\n\t\t\t\t<\/div>\n\t\t\t\t\t<\/div>\n\t\t<\/div>\n\t\t\t\t\t<\/div>\n\t\t<\/section>\n\t\t\t\t<\/div>","protected":false},"excerpt":{"rendered":"<p>A PROPOS\u00a0: Processus cr\u00e9atif \u00ab Douceur de l\u2019encre &#8211; Voile sur l\u2019invisible &#8211; Pens\u00e9es l\u00e9g\u00e8res\u00a0\u00bb. \u00a0 Ce fragment de po\u00e9sie pourrait r\u00e9sumer mon processus cr\u00e9atif. C\u2019est un exercice d\u00e9licat car il est singulier \u00e0 chaque artiste qui prend le risque de r\u00e9v\u00e9ler une part intime de lui. Il est aussi et surtout une mise en [&hellip;]<\/p>\n","protected":false},"author":1,"featured_media":0,"parent":0,"menu_order":0,"comment_status":"closed","ping_status":"closed","template":"","meta":{"site-sidebar-layout":"no-sidebar","site-content-layout":"page-builder","ast-site-content-layout":"full-width-container","site-content-style":"unboxed","site-sidebar-style":"unboxed","ast-global-header-display":"","ast-banner-title-visibility":"","ast-main-header-display":"","ast-hfb-above-header-display":"","ast-hfb-below-header-display":"","ast-hfb-mobile-header-display":"","site-post-title":"disabled","ast-breadcrumbs-content":"","ast-featured-img":"disabled","footer-sml-layout":"","theme-transparent-header-meta":"disabled","adv-header-id-meta":"","stick-header-meta":"","header-above-stick-meta":"","header-main-stick-meta":"","header-below-stick-meta":"","astra-migrate-meta-layouts":"set","ast-page-background-enabled":"default","ast-page-background-meta":{"desktop":{"background-color":"var(--ast-global-color-4)","background-image":"","background-repeat":"repeat","background-position":"center center","background-size":"auto","background-attachment":"scroll","background-type":"","background-media":"","overlay-type":"","overlay-color":"","overlay-opacity":"","overlay-gradient":""},"tablet":{"background-color":"","background-image":"","background-repeat":"repeat","background-position":"center center","background-size":"auto","background-attachment":"scroll","background-type":"","background-media":"","overlay-type":"","overlay-color":"","overlay-opacity":"","overlay-gradient":""},"mobile":{"background-color":"","background-image":"","background-repeat":"repeat","background-position":"center center","background-size":"auto","background-attachment":"scroll","background-type":"","background-media":"","overlay-type":"","overlay-color":"","overlay-opacity":"","overlay-gradient":""}},"ast-content-background-meta":{"desktop":{"background-color":"var(--ast-global-color-5)","background-image":"","background-repeat":"repeat","background-position":"center center","background-size":"auto","background-attachment":"scroll","background-type":"","background-media":"","overlay-type":"","overlay-color":"","overlay-opacity":"","overlay-gradient":""},"tablet":{"background-color":"var(--ast-global-color-5)","background-image":"","background-repeat":"repeat","background-position":"center center","background-size":"auto","background-attachment":"scroll","background-type":"","background-media":"","overlay-type":"","overlay-color":"","overlay-opacity":"","overlay-gradient":""},"mobile":{"background-color":"var(--ast-global-color-5)","background-image":"","background-repeat":"repeat","background-position":"center center","background-size":"auto","background-attachment":"scroll","background-type":"","background-media":"","overlay-type":"","overlay-color":"","overlay-opacity":"","overlay-gradient":""}},"footnotes":""},"class_list":["post-4170","page","type-page","status-publish","hentry"],"yoast_head":"<!-- This site is optimized with the Yoast SEO plugin v27.5 - https:\/\/yoast.com\/product\/yoast-seo-wordpress\/ -->\n<title>Explorer le processus cr\u00e9atif de V\u00e9ronique Terrieux<\/title>\n<meta name=\"description\" content=\"D\u00e9couvrez le processus cr\u00e9atif de V\u00e9ronique Terrieux, une qu\u00eate intime et po\u00e9tique, mise en lumi\u00e8re par l&#039;historienne de l&#039;art Yassana Croizat-Glazer.\" \/>\n<meta name=\"robots\" content=\"index, follow, max-snippet:-1, max-image-preview:large, max-video-preview:-1\" \/>\n<link rel=\"canonical\" href=\"https:\/\/bluefigure.com\/en\/processus-creatif\/\" \/>\n<meta property=\"og:locale\" content=\"en_US\" \/>\n<meta property=\"og:type\" content=\"article\" \/>\n<meta property=\"og:title\" content=\"Explorer le processus cr\u00e9atif de V\u00e9ronique Terrieux\" \/>\n<meta property=\"og:description\" content=\"D\u00e9couvrez le processus cr\u00e9atif de V\u00e9ronique Terrieux, une qu\u00eate intime et po\u00e9tique, mise en lumi\u00e8re par l&#039;historienne de l&#039;art Yassana Croizat-Glazer.\" \/>\n<meta property=\"og:url\" content=\"https:\/\/bluefigure.com\/en\/processus-creatif\/\" \/>\n<meta property=\"og:site_name\" content=\"V\u00e9ronique TERRIEUX\" \/>\n<meta property=\"article:modified_time\" content=\"2025-04-27T16:43:28+00:00\" \/>\n<meta property=\"og:image\" content=\"https:\/\/bluefigure.com\/wp-content\/uploads\/2025\/03\/Processus-creatif.jpg\" \/>\n\t<meta property=\"og:image:width\" content=\"1405\" \/>\n\t<meta property=\"og:image:height\" content=\"2264\" \/>\n\t<meta property=\"og:image:type\" content=\"image\/jpeg\" \/>\n<meta name=\"twitter:card\" content=\"summary_large_image\" \/>\n<meta name=\"twitter:label1\" content=\"Est. reading time\" \/>\n\t<meta name=\"twitter:data1\" content=\"2 minutes\" \/>\n<script type=\"application\/ld+json\" class=\"yoast-schema-graph\">{\"@context\":\"https:\\\/\\\/schema.org\",\"@graph\":[{\"@type\":\"WebPage\",\"@id\":\"https:\\\/\\\/bluefigure.com\\\/processus-creatif\\\/\",\"url\":\"https:\\\/\\\/bluefigure.com\\\/processus-creatif\\\/\",\"name\":\"Explorer le processus cr\u00e9atif de V\u00e9ronique Terrieux\",\"isPartOf\":{\"@id\":\"https:\\\/\\\/bluefigure.com\\\/#website\"},\"primaryImageOfPage\":{\"@id\":\"https:\\\/\\\/bluefigure.com\\\/processus-creatif\\\/#primaryimage\"},\"image\":{\"@id\":\"https:\\\/\\\/bluefigure.com\\\/processus-creatif\\\/#primaryimage\"},\"thumbnailUrl\":\"https:\\\/\\\/bluefigure.com\\\/wp-content\\\/uploads\\\/2025\\\/03\\\/Processus-creatif-635x1024.jpg\",\"datePublished\":\"2025-03-19T18:08:05+00:00\",\"dateModified\":\"2025-04-27T16:43:28+00:00\",\"description\":\"D\u00e9couvrez le processus cr\u00e9atif de V\u00e9ronique Terrieux, une qu\u00eate intime et po\u00e9tique, mise en lumi\u00e8re par l'historienne de l'art Yassana Croizat-Glazer.\",\"breadcrumb\":{\"@id\":\"https:\\\/\\\/bluefigure.com\\\/processus-creatif\\\/#breadcrumb\"},\"inLanguage\":\"en-US\",\"potentialAction\":[{\"@type\":\"ReadAction\",\"target\":[\"https:\\\/\\\/bluefigure.com\\\/processus-creatif\\\/\"]}]},{\"@type\":\"ImageObject\",\"inLanguage\":\"en-US\",\"@id\":\"https:\\\/\\\/bluefigure.com\\\/processus-creatif\\\/#primaryimage\",\"url\":\"https:\\\/\\\/bluefigure.com\\\/wp-content\\\/uploads\\\/2025\\\/03\\\/Processus-creatif-635x1024.jpg\",\"contentUrl\":\"https:\\\/\\\/bluefigure.com\\\/wp-content\\\/uploads\\\/2025\\\/03\\\/Processus-creatif-635x1024.jpg\"},{\"@type\":\"BreadcrumbList\",\"@id\":\"https:\\\/\\\/bluefigure.com\\\/processus-creatif\\\/#breadcrumb\",\"itemListElement\":[{\"@type\":\"ListItem\",\"position\":1,\"name\":\"Accueil\",\"item\":\"https:\\\/\\\/bluefigure.com\\\/\"},{\"@type\":\"ListItem\",\"position\":2,\"name\":\"Processus cr\u00e9atif\"}]},{\"@type\":\"WebSite\",\"@id\":\"https:\\\/\\\/bluefigure.com\\\/#website\",\"url\":\"https:\\\/\\\/bluefigure.com\\\/\",\"name\":\"V\u00e9ronique TERRIEUX - Bluefigure\",\"description\":\"Artiste peintre fran\u00e7aise\",\"publisher\":{\"@id\":\"https:\\\/\\\/bluefigure.com\\\/#\\\/schema\\\/person\\\/3168086d808b44baee7e401f0116c2fd\"},\"potentialAction\":[{\"@type\":\"SearchAction\",\"target\":{\"@type\":\"EntryPoint\",\"urlTemplate\":\"https:\\\/\\\/bluefigure.com\\\/?s={search_term_string}\"},\"query-input\":{\"@type\":\"PropertyValueSpecification\",\"valueRequired\":true,\"valueName\":\"search_term_string\"}}],\"inLanguage\":\"en-US\"},{\"@type\":[\"Person\",\"Organization\"],\"@id\":\"https:\\\/\\\/bluefigure.com\\\/#\\\/schema\\\/person\\\/3168086d808b44baee7e401f0116c2fd\",\"name\":\"V\u00e9ronique TERRIEUX\",\"image\":{\"@type\":\"ImageObject\",\"inLanguage\":\"en-US\",\"@id\":\"https:\\\/\\\/bluefigure.com\\\/wp-content\\\/uploads\\\/2024\\\/12\\\/cropped-LOGO-Veronique-Terrieux.png\",\"url\":\"https:\\\/\\\/bluefigure.com\\\/wp-content\\\/uploads\\\/2024\\\/12\\\/cropped-LOGO-Veronique-Terrieux.png\",\"contentUrl\":\"https:\\\/\\\/bluefigure.com\\\/wp-content\\\/uploads\\\/2024\\\/12\\\/cropped-LOGO-Veronique-Terrieux.png\",\"width\":512,\"height\":512,\"caption\":\"V\u00e9ronique TERRIEUX\"},\"logo\":{\"@id\":\"https:\\\/\\\/bluefigure.com\\\/wp-content\\\/uploads\\\/2024\\\/12\\\/cropped-LOGO-Veronique-Terrieux.png\"}}]}<\/script>\n<!-- \/ Yoast SEO plugin. -->","yoast_head_json":{"title":"Explorer le processus cr\u00e9atif de V\u00e9ronique Terrieux","description":"D\u00e9couvrez le processus cr\u00e9atif de V\u00e9ronique Terrieux, une qu\u00eate intime et po\u00e9tique, mise en lumi\u00e8re par l'historienne de l'art Yassana Croizat-Glazer.","robots":{"index":"index","follow":"follow","max-snippet":"max-snippet:-1","max-image-preview":"max-image-preview:large","max-video-preview":"max-video-preview:-1"},"canonical":"https:\/\/bluefigure.com\/en\/processus-creatif\/","og_locale":"en_US","og_type":"article","og_title":"Explorer le processus cr\u00e9atif de V\u00e9ronique Terrieux","og_description":"D\u00e9couvrez le processus cr\u00e9atif de V\u00e9ronique Terrieux, une qu\u00eate intime et po\u00e9tique, mise en lumi\u00e8re par l'historienne de l'art Yassana Croizat-Glazer.","og_url":"https:\/\/bluefigure.com\/en\/processus-creatif\/","og_site_name":"V\u00e9ronique TERRIEUX","article_modified_time":"2025-04-27T16:43:28+00:00","og_image":[{"width":1405,"height":2264,"url":"https:\/\/bluefigure.com\/wp-content\/uploads\/2025\/03\/Processus-creatif.jpg","type":"image\/jpeg"}],"twitter_card":"summary_large_image","twitter_misc":{"Est. reading time":"2 minutes"},"schema":{"@context":"https:\/\/schema.org","@graph":[{"@type":"WebPage","@id":"https:\/\/bluefigure.com\/processus-creatif\/","url":"https:\/\/bluefigure.com\/processus-creatif\/","name":"Explorer le processus cr\u00e9atif de V\u00e9ronique Terrieux","isPartOf":{"@id":"https:\/\/bluefigure.com\/#website"},"primaryImageOfPage":{"@id":"https:\/\/bluefigure.com\/processus-creatif\/#primaryimage"},"image":{"@id":"https:\/\/bluefigure.com\/processus-creatif\/#primaryimage"},"thumbnailUrl":"https:\/\/bluefigure.com\/wp-content\/uploads\/2025\/03\/Processus-creatif-635x1024.jpg","datePublished":"2025-03-19T18:08:05+00:00","dateModified":"2025-04-27T16:43:28+00:00","description":"D\u00e9couvrez le processus cr\u00e9atif de V\u00e9ronique Terrieux, une qu\u00eate intime et po\u00e9tique, mise en lumi\u00e8re par l'historienne de l'art Yassana Croizat-Glazer.","breadcrumb":{"@id":"https:\/\/bluefigure.com\/processus-creatif\/#breadcrumb"},"inLanguage":"en-US","potentialAction":[{"@type":"ReadAction","target":["https:\/\/bluefigure.com\/processus-creatif\/"]}]},{"@type":"ImageObject","inLanguage":"en-US","@id":"https:\/\/bluefigure.com\/processus-creatif\/#primaryimage","url":"https:\/\/bluefigure.com\/wp-content\/uploads\/2025\/03\/Processus-creatif-635x1024.jpg","contentUrl":"https:\/\/bluefigure.com\/wp-content\/uploads\/2025\/03\/Processus-creatif-635x1024.jpg"},{"@type":"BreadcrumbList","@id":"https:\/\/bluefigure.com\/processus-creatif\/#breadcrumb","itemListElement":[{"@type":"ListItem","position":1,"name":"Accueil","item":"https:\/\/bluefigure.com\/"},{"@type":"ListItem","position":2,"name":"Processus cr\u00e9atif"}]},{"@type":"WebSite","@id":"https:\/\/bluefigure.com\/#website","url":"https:\/\/bluefigure.com\/","name":"V\u00e9ronique TERRIEUX - Bluefigure","description":"Artiste peintre fran\u00e7aise","publisher":{"@id":"https:\/\/bluefigure.com\/#\/schema\/person\/3168086d808b44baee7e401f0116c2fd"},"potentialAction":[{"@type":"SearchAction","target":{"@type":"EntryPoint","urlTemplate":"https:\/\/bluefigure.com\/?s={search_term_string}"},"query-input":{"@type":"PropertyValueSpecification","valueRequired":true,"valueName":"search_term_string"}}],"inLanguage":"en-US"},{"@type":["Person","Organization"],"@id":"https:\/\/bluefigure.com\/#\/schema\/person\/3168086d808b44baee7e401f0116c2fd","name":"V\u00e9ronique TERRIEUX","image":{"@type":"ImageObject","inLanguage":"en-US","@id":"https:\/\/bluefigure.com\/wp-content\/uploads\/2024\/12\/cropped-LOGO-Veronique-Terrieux.png","url":"https:\/\/bluefigure.com\/wp-content\/uploads\/2024\/12\/cropped-LOGO-Veronique-Terrieux.png","contentUrl":"https:\/\/bluefigure.com\/wp-content\/uploads\/2024\/12\/cropped-LOGO-Veronique-Terrieux.png","width":512,"height":512,"caption":"V\u00e9ronique TERRIEUX"},"logo":{"@id":"https:\/\/bluefigure.com\/wp-content\/uploads\/2024\/12\/cropped-LOGO-Veronique-Terrieux.png"}}]}},"_links":{"self":[{"href":"https:\/\/bluefigure.com\/en\/wp-json\/wp\/v2\/pages\/4170","targetHints":{"allow":["GET"]}}],"collection":[{"href":"https:\/\/bluefigure.com\/en\/wp-json\/wp\/v2\/pages"}],"about":[{"href":"https:\/\/bluefigure.com\/en\/wp-json\/wp\/v2\/types\/page"}],"author":[{"embeddable":true,"href":"https:\/\/bluefigure.com\/en\/wp-json\/wp\/v2\/users\/1"}],"replies":[{"embeddable":true,"href":"https:\/\/bluefigure.com\/en\/wp-json\/wp\/v2\/comments?post=4170"}],"version-history":[{"count":118,"href":"https:\/\/bluefigure.com\/en\/wp-json\/wp\/v2\/pages\/4170\/revisions"}],"predecessor-version":[{"id":5311,"href":"https:\/\/bluefigure.com\/en\/wp-json\/wp\/v2\/pages\/4170\/revisions\/5311"}],"wp:attachment":[{"href":"https:\/\/bluefigure.com\/en\/wp-json\/wp\/v2\/media?parent=4170"}],"curies":[{"name":"wp","href":"https:\/\/api.w.org\/{rel}","templated":true}]}}