{"id":4110,"date":"2025-03-16T10:07:40","date_gmt":"2025-03-16T09:07:40","guid":{"rendered":"https:\/\/bluefigure.com\/?page_id=4110"},"modified":"2025-04-25T19:49:00","modified_gmt":"2025-04-25T17:49:00","slug":"lart-therapie","status":"publish","type":"page","link":"https:\/\/bluefigure.com\/en\/lart-therapie\/","title":{"rendered":"L&rsquo;art-th\u00e9rapie"},"content":{"rendered":"<div data-elementor-type=\"wp-page\" data-elementor-id=\"4110\" class=\"elementor elementor-4110\">\n\t\t\t\t<div class=\"elementor-element elementor-element-00adb2e e-con-full e-flex e-con e-parent\" data-id=\"00adb2e\" data-element_type=\"container\" data-e-type=\"container\" data-settings=\"{&quot;background_background&quot;:&quot;classic&quot;}\">\n\t\t<div class=\"elementor-element elementor-element-1f06547 e-flex e-con-boxed e-con e-child\" data-id=\"1f06547\" data-element_type=\"container\" data-e-type=\"container\">\n\t\t\t\t\t<div class=\"e-con-inner\">\n\t\t\t\t\t<\/div>\n\t\t\t\t<\/div>\n\t\t\t\t<\/div>\n\t\t\t\t<section class=\"elementor-section elementor-top-section elementor-element elementor-element-fb5f530 elementor-section-boxed elementor-section-height-default elementor-section-height-default\" data-id=\"fb5f530\" data-element_type=\"section\" data-e-type=\"section\">\n\t\t\t\t\t\t<div class=\"elementor-container elementor-column-gap-default\">\n\t\t\t\t\t<div class=\"elementor-column elementor-col-100 elementor-top-column elementor-element elementor-element-5cdcc27\" data-id=\"5cdcc27\" data-element_type=\"column\" data-e-type=\"column\">\n\t\t\t<div class=\"elementor-widget-wrap elementor-element-populated\">\n\t\t\t\t\t\t<div class=\"elementor-element elementor-element-ea5d089 elementor-widget elementor-widget-heading\" data-id=\"ea5d089\" data-element_type=\"widget\" data-e-type=\"widget\" data-widget_type=\"heading.default\">\n\t\t\t\t<div class=\"elementor-widget-container\">\n\t\t\t\t\t<h1 class=\"elementor-heading-title elementor-size-default\">BEYOND\u00a0: ART-THERAPY<\/h1>\t\t\t\t<\/div>\n\t\t\t\t<\/div>\n\t\t\t\t<div class=\"elementor-element elementor-element-afea823 elementor-widget elementor-widget-text-editor\" data-id=\"afea823\" data-element_type=\"widget\" data-e-type=\"widget\" data-widget_type=\"text-editor.default\">\n\t\t\t\t<div class=\"elementor-widget-container\">\n\t\t\t\t\t\t\t\t\t<p>\u2026 the path of healing, to progress towards oneself and at the same time help others find the path to their own healing.<\/p>\t\t\t\t\t\t\t\t<\/div>\n\t\t\t\t<\/div>\n\t\t\t\t\t<\/div>\n\t\t<\/div>\n\t\t\t\t\t<\/div>\n\t\t<\/section>\n\t\t<div class=\"elementor-element elementor-element-49dfe58 e-flex e-con-boxed e-con e-parent\" data-id=\"49dfe58\" data-element_type=\"container\" data-e-type=\"container\">\n\t\t\t\t\t<div class=\"e-con-inner\">\n\t\t<div class=\"elementor-element elementor-element-6bad1c3 e-con-full e-flex e-con e-child\" data-id=\"6bad1c3\" data-element_type=\"container\" data-e-type=\"container\">\n\t\t\t\t<div class=\"elementor-element elementor-element-906e81a elementor-widget elementor-widget-image\" data-id=\"906e81a\" data-element_type=\"widget\" data-e-type=\"widget\" data-widget_type=\"image.default\">\n\t\t\t\t<div class=\"elementor-widget-container\">\n\t\t\t\t\t\t\t\t\t\t\t\t\t\t\t<img fetchpriority=\"high\" decoding=\"async\" width=\"768\" height=\"1024\" src=\"https:\/\/bluefigure.com\/wp-content\/uploads\/2025\/03\/PHOTO-ART-THERAPIE-768x1024.jpg\" class=\"attachment-large size-large wp-image-4112\" alt=\"\" srcset=\"https:\/\/bluefigure.com\/wp-content\/uploads\/2025\/03\/PHOTO-ART-THERAPIE-768x1024.jpg 768w, https:\/\/bluefigure.com\/wp-content\/uploads\/2025\/03\/PHOTO-ART-THERAPIE-225x300.jpg 225w, https:\/\/bluefigure.com\/wp-content\/uploads\/2025\/03\/PHOTO-ART-THERAPIE-1152x1536.jpg 1152w, https:\/\/bluefigure.com\/wp-content\/uploads\/2025\/03\/PHOTO-ART-THERAPIE-1536x2048.jpg 1536w, https:\/\/bluefigure.com\/wp-content\/uploads\/2025\/03\/PHOTO-ART-THERAPIE-9x12.jpg 9w, https:\/\/bluefigure.com\/wp-content\/uploads\/2025\/03\/PHOTO-ART-THERAPIE-scaled.jpg 1920w\" sizes=\"(max-width: 768px) 100vw, 768px\" \/>\t\t\t\t\t\t\t\t\t\t\t\t\t\t\t<\/div>\n\t\t\t\t<\/div>\n\t\t\t\t<\/div>\n\t\t<div class=\"elementor-element elementor-element-6e88e7b e-con-full e-flex e-con e-child\" data-id=\"6e88e7b\" data-element_type=\"container\" data-e-type=\"container\">\n\t\t\t\t<div class=\"elementor-element elementor-element-29bc04c elementor-widget elementor-widget-text-editor\" data-id=\"29bc04c\" data-element_type=\"widget\" data-e-type=\"widget\" data-widget_type=\"text-editor.default\">\n\t\t\t\t<div class=\"elementor-widget-container\">\n\t\t\t\t\t\t\t\t\t<p>\u00ab\u00a0The canvas that we welcome within us, it energizes, it vitalizes our internal reality, intensifies our relationship with the world. But above all, it elevates us, makes us grow, tears us away from time, gives us the impression of living the timeless, of accessing the imperishable.\u00a0\u00bb<\/p>\t\t\t\t\t\t\t\t<\/div>\n\t\t\t\t<\/div>\n\t\t\t\t<div class=\"elementor-element elementor-element-5b7e08d elementor-widget elementor-widget-text-editor\" data-id=\"5b7e08d\" data-element_type=\"widget\" data-e-type=\"widget\" data-widget_type=\"text-editor.default\">\n\t\t\t\t<div class=\"elementor-widget-container\">\n\t\t\t\t\t\t\t\t\t<p><em>Juliet C. (2003), Shitao et C\u00e9zanne. Une m\u00eame exp\u00e9rience spirituelle, Paris, L\u2019\u00c9choppe<\/em><\/p>\t\t\t\t\t\t\t\t<\/div>\n\t\t\t\t<\/div>\n\t\t\t\t<\/div>\n\t\t\t\t\t<\/div>\n\t\t\t\t<\/div>\n\t\t\t\t<section class=\"elementor-section elementor-top-section elementor-element elementor-element-7eb7923 elementor-section-boxed elementor-section-height-default elementor-section-height-default\" data-id=\"7eb7923\" data-element_type=\"section\" data-e-type=\"section\">\n\t\t\t\t\t\t<div class=\"elementor-container elementor-column-gap-default\">\n\t\t\t\t\t<div class=\"elementor-column elementor-col-100 elementor-top-column elementor-element elementor-element-5ae196e\" data-id=\"5ae196e\" data-element_type=\"column\" data-e-type=\"column\">\n\t\t\t<div class=\"elementor-widget-wrap elementor-element-populated\">\n\t\t\t\t\t\t<div class=\"elementor-element elementor-element-6123ac8 elementor-widget elementor-widget-text-editor\" data-id=\"6123ac8\" data-element_type=\"widget\" data-e-type=\"widget\" data-widget_type=\"text-editor.default\">\n\t\t\t\t<div class=\"elementor-widget-container\">\n\t\t\t\t\t\t\t\t\t<p>This quote reminds us that painting, an artistic practice resulting from the mixtures of different cultures, brings people together and brings us closer to ourselves. This is certainly one of the reasons why I became an art therapist.<\/p><p>If you want to learn more about art therapy, please find a text below.<\/p>\t\t\t\t\t\t\t\t<\/div>\n\t\t\t\t<\/div>\n\t\t\t\t\t<\/div>\n\t\t<\/div>\n\t\t\t\t\t<\/div>\n\t\t<\/section>\n\t\t\t\t<section class=\"elementor-section elementor-top-section elementor-element elementor-element-05ae22b elementor-section-content-middle elementor-section-boxed elementor-section-height-default elementor-section-height-default\" data-id=\"05ae22b\" data-element_type=\"section\" data-e-type=\"section\">\n\t\t\t\t\t\t<div class=\"elementor-container elementor-column-gap-default\">\n\t\t\t\t\t<div class=\"elementor-column elementor-col-50 elementor-top-column elementor-element elementor-element-2e53379\" data-id=\"2e53379\" data-element_type=\"column\" data-e-type=\"column\" id=\"hover-tuile-v2\">\n\t\t\t<div class=\"elementor-widget-wrap elementor-element-populated\">\n\t\t\t\t\t\t<div class=\"elementor-element elementor-element-a712bac elementor-widget elementor-widget-text-editor\" data-id=\"a712bac\" data-element_type=\"widget\" data-e-type=\"widget\" data-widget_type=\"text-editor.default\">\n\t\t\t\t<div class=\"elementor-widget-container\">\n\t\t\t\t\t\t\t\t\t<p><a href=\"https:\/\/bluefigure.com\/wp-content\/uploads\/2025\/04\/BEYOND-ART-THERAPY-texte-VT.pdf\" target=\"_blank\" rel=\"noopener\">\u00ab\u00a0Art-therapy\u00a0: Visual arts mediation\u00a0\u00bb<\/a><\/p>\t\t\t\t\t\t\t\t<\/div>\n\t\t\t\t<\/div>\n\t\t\t\t<div class=\"elementor-element elementor-element-7fbe6d7 elementor-widget elementor-widget-heading\" data-id=\"7fbe6d7\" data-element_type=\"widget\" data-e-type=\"widget\" data-widget_type=\"heading.default\">\n\t\t\t\t<div class=\"elementor-widget-container\">\n\t\t\t\t\t<h3 class=\"elementor-heading-title elementor-size-default\"><a href=\"https:\/\/bluefigure.com\/wp-content\/uploads\/2025\/04\/BEYOND-ART-THERAPY-texte-VT.pdf\" target=\"_blank\">&gt; Click here to view pdf<\/a><\/h3>\t\t\t\t<\/div>\n\t\t\t\t<\/div>\n\t\t\t\t\t<\/div>\n\t\t<\/div>\n\t\t\t\t<div class=\"elementor-column elementor-col-50 elementor-top-column elementor-element elementor-element-4442d66\" data-id=\"4442d66\" data-element_type=\"column\" data-e-type=\"column\">\n\t\t\t<div class=\"elementor-widget-wrap elementor-element-populated\">\n\t\t\t\t\t\t<div class=\"elementor-element elementor-element-4e90627 elementor-widget elementor-widget-image\" data-id=\"4e90627\" data-element_type=\"widget\" data-e-type=\"widget\" data-widget_type=\"image.default\">\n\t\t\t\t<div class=\"elementor-widget-container\">\n\t\t\t\t\t\t\t\t\t\t\t\t\t\t\t\t<a href=\"https:\/\/bluefigure.com\/wp-content\/uploads\/2025\/04\/BEYOND-ART-THERAPY-texte-VT.pdf\">\n\t\t\t\t\t\t\t<img decoding=\"async\" width=\"1024\" height=\"691\" src=\"https:\/\/bluefigure.com\/wp-content\/uploads\/2025\/03\/PHOTO-ART-TRERAPIE2-1024x691.jpg\" class=\"elementor-animation-grow attachment-large size-large wp-image-4119\" alt=\"\" srcset=\"https:\/\/bluefigure.com\/wp-content\/uploads\/2025\/03\/PHOTO-ART-TRERAPIE2-1024x691.jpg 1024w, https:\/\/bluefigure.com\/wp-content\/uploads\/2025\/03\/PHOTO-ART-TRERAPIE2-300x202.jpg 300w, https:\/\/bluefigure.com\/wp-content\/uploads\/2025\/03\/PHOTO-ART-TRERAPIE2-768x518.jpg 768w, https:\/\/bluefigure.com\/wp-content\/uploads\/2025\/03\/PHOTO-ART-TRERAPIE2-1536x1036.jpg 1536w, https:\/\/bluefigure.com\/wp-content\/uploads\/2025\/03\/PHOTO-ART-TRERAPIE2-18x12.jpg 18w, https:\/\/bluefigure.com\/wp-content\/uploads\/2025\/03\/PHOTO-ART-TRERAPIE2.jpg 1540w\" sizes=\"(max-width: 1024px) 100vw, 1024px\" \/>\t\t\t\t\t\t\t\t<\/a>\n\t\t\t\t\t\t\t\t\t\t\t\t\t\t\t<\/div>\n\t\t\t\t<\/div>\n\t\t\t\t\t<\/div>\n\t\t<\/div>\n\t\t\t\t\t<\/div>\n\t\t<\/section>\n\t\t\t\t<\/div>","protected":false},"excerpt":{"rendered":"<p>AU-DELA\u00a0: L&rsquo;art-th\u00e9rapie \u2026 la voie du soin, pour progresser vers soi et en m\u00eame temps aider les autres \u00e0 trouver le chemin de leur propre gu\u00e9rison. \u00ab La toile que nous accueillons en nous, elle dynamise, elle vitalise notre r\u00e9alit\u00e9 interne, intensifie notre rapport au monde. Mais surtout, elle nous \u00e9l\u00e8ve, nous grandit, nous arrache [&hellip;]<\/p>\n","protected":false},"author":1,"featured_media":0,"parent":0,"menu_order":0,"comment_status":"closed","ping_status":"closed","template":"","meta":{"site-sidebar-layout":"no-sidebar","site-content-layout":"page-builder","ast-site-content-layout":"full-width-container","site-content-style":"unboxed","site-sidebar-style":"unboxed","ast-global-header-display":"","ast-banner-title-visibility":"","ast-main-header-display":"","ast-hfb-above-header-display":"","ast-hfb-below-header-display":"","ast-hfb-mobile-header-display":"","site-post-title":"disabled","ast-breadcrumbs-content":"","ast-featured-img":"disabled","footer-sml-layout":"","theme-transparent-header-meta":"disabled","adv-header-id-meta":"","stick-header-meta":"","header-above-stick-meta":"","header-main-stick-meta":"","header-below-stick-meta":"","astra-migrate-meta-layouts":"set","ast-page-background-enabled":"default","ast-page-background-meta":{"desktop":{"background-color":"var(--ast-global-color-4)","background-image":"","background-repeat":"repeat","background-position":"center center","background-size":"auto","background-attachment":"scroll","background-type":"","background-media":"","overlay-type":"","overlay-color":"","overlay-opacity":"","overlay-gradient":""},"tablet":{"background-color":"","background-image":"","background-repeat":"repeat","background-position":"center center","background-size":"auto","background-attachment":"scroll","background-type":"","background-media":"","overlay-type":"","overlay-color":"","overlay-opacity":"","overlay-gradient":""},"mobile":{"background-color":"","background-image":"","background-repeat":"repeat","background-position":"center center","background-size":"auto","background-attachment":"scroll","background-type":"","background-media":"","overlay-type":"","overlay-color":"","overlay-opacity":"","overlay-gradient":""}},"ast-content-background-meta":{"desktop":{"background-color":"var(--ast-global-color-5)","background-image":"","background-repeat":"repeat","background-position":"center center","background-size":"auto","background-attachment":"scroll","background-type":"","background-media":"","overlay-type":"","overlay-color":"","overlay-opacity":"","overlay-gradient":""},"tablet":{"background-color":"var(--ast-global-color-5)","background-image":"","background-repeat":"repeat","background-position":"center center","background-size":"auto","background-attachment":"scroll","background-type":"","background-media":"","overlay-type":"","overlay-color":"","overlay-opacity":"","overlay-gradient":""},"mobile":{"background-color":"var(--ast-global-color-5)","background-image":"","background-repeat":"repeat","background-position":"center center","background-size":"auto","background-attachment":"scroll","background-type":"","background-media":"","overlay-type":"","overlay-color":"","overlay-opacity":"","overlay-gradient":""}},"footnotes":""},"class_list":["post-4110","page","type-page","status-publish","hentry"],"yoast_head":"<!-- This site is optimized with the Yoast SEO plugin v27.5 - https:\/\/yoast.com\/product\/yoast-seo-wordpress\/ -->\n<title>Art-th\u00e9rapie, un soin \u00e0 travers les arts plastiques<\/title>\n<meta name=\"description\" content=\"Art-th\u00e9rapie : soin favorisant l&#039;introspection, \u00e0 travers la pratique des arts plastiques comme mediation th\u00e9rapeutique.\" \/>\n<meta name=\"robots\" content=\"index, follow, max-snippet:-1, max-image-preview:large, max-video-preview:-1\" \/>\n<link rel=\"canonical\" href=\"https:\/\/bluefigure.com\/en\/lart-therapie\/\" \/>\n<meta property=\"og:locale\" content=\"en_US\" \/>\n<meta property=\"og:type\" content=\"article\" \/>\n<meta property=\"og:title\" content=\"Art-th\u00e9rapie, un soin \u00e0 travers les arts plastiques\" \/>\n<meta property=\"og:description\" content=\"Art-th\u00e9rapie : soin favorisant l&#039;introspection, \u00e0 travers la pratique des arts plastiques comme mediation th\u00e9rapeutique.\" \/>\n<meta property=\"og:url\" content=\"https:\/\/bluefigure.com\/en\/lart-therapie\/\" \/>\n<meta property=\"og:site_name\" content=\"V\u00e9ronique TERRIEUX\" \/>\n<meta property=\"article:modified_time\" content=\"2025-04-25T17:49:00+00:00\" \/>\n<meta property=\"og:image\" content=\"https:\/\/bluefigure.com\/wp-content\/uploads\/2025\/03\/PHOTO-ART-THERAPIE-768x1024.jpg\" \/>\n<meta name=\"twitter:card\" content=\"summary_large_image\" \/>\n<meta name=\"twitter:label1\" content=\"Est. reading time\" \/>\n\t<meta name=\"twitter:data1\" content=\"2 minutes\" \/>\n<script type=\"application\/ld+json\" class=\"yoast-schema-graph\">{\"@context\":\"https:\\\/\\\/schema.org\",\"@graph\":[{\"@type\":\"WebPage\",\"@id\":\"https:\\\/\\\/bluefigure.com\\\/lart-therapie\\\/\",\"url\":\"https:\\\/\\\/bluefigure.com\\\/lart-therapie\\\/\",\"name\":\"Art-th\u00e9rapie, un soin \u00e0 travers les arts plastiques\",\"isPartOf\":{\"@id\":\"https:\\\/\\\/bluefigure.com\\\/#website\"},\"primaryImageOfPage\":{\"@id\":\"https:\\\/\\\/bluefigure.com\\\/lart-therapie\\\/#primaryimage\"},\"image\":{\"@id\":\"https:\\\/\\\/bluefigure.com\\\/lart-therapie\\\/#primaryimage\"},\"thumbnailUrl\":\"https:\\\/\\\/bluefigure.com\\\/wp-content\\\/uploads\\\/2025\\\/03\\\/PHOTO-ART-THERAPIE-768x1024.jpg\",\"datePublished\":\"2025-03-16T09:07:40+00:00\",\"dateModified\":\"2025-04-25T17:49:00+00:00\",\"description\":\"Art-th\u00e9rapie : soin favorisant l'introspection, \u00e0 travers la pratique des arts plastiques comme mediation th\u00e9rapeutique.\",\"breadcrumb\":{\"@id\":\"https:\\\/\\\/bluefigure.com\\\/lart-therapie\\\/#breadcrumb\"},\"inLanguage\":\"en-US\",\"potentialAction\":[{\"@type\":\"ReadAction\",\"target\":[\"https:\\\/\\\/bluefigure.com\\\/lart-therapie\\\/\"]}]},{\"@type\":\"ImageObject\",\"inLanguage\":\"en-US\",\"@id\":\"https:\\\/\\\/bluefigure.com\\\/lart-therapie\\\/#primaryimage\",\"url\":\"https:\\\/\\\/bluefigure.com\\\/wp-content\\\/uploads\\\/2025\\\/03\\\/PHOTO-ART-THERAPIE-768x1024.jpg\",\"contentUrl\":\"https:\\\/\\\/bluefigure.com\\\/wp-content\\\/uploads\\\/2025\\\/03\\\/PHOTO-ART-THERAPIE-768x1024.jpg\"},{\"@type\":\"BreadcrumbList\",\"@id\":\"https:\\\/\\\/bluefigure.com\\\/lart-therapie\\\/#breadcrumb\",\"itemListElement\":[{\"@type\":\"ListItem\",\"position\":1,\"name\":\"Accueil\",\"item\":\"https:\\\/\\\/bluefigure.com\\\/\"},{\"@type\":\"ListItem\",\"position\":2,\"name\":\"L&rsquo;art-th\u00e9rapie\"}]},{\"@type\":\"WebSite\",\"@id\":\"https:\\\/\\\/bluefigure.com\\\/#website\",\"url\":\"https:\\\/\\\/bluefigure.com\\\/\",\"name\":\"V\u00e9ronique TERRIEUX - Bluefigure\",\"description\":\"Artiste peintre fran\u00e7aise\",\"publisher\":{\"@id\":\"https:\\\/\\\/bluefigure.com\\\/#\\\/schema\\\/person\\\/3168086d808b44baee7e401f0116c2fd\"},\"potentialAction\":[{\"@type\":\"SearchAction\",\"target\":{\"@type\":\"EntryPoint\",\"urlTemplate\":\"https:\\\/\\\/bluefigure.com\\\/?s={search_term_string}\"},\"query-input\":{\"@type\":\"PropertyValueSpecification\",\"valueRequired\":true,\"valueName\":\"search_term_string\"}}],\"inLanguage\":\"en-US\"},{\"@type\":[\"Person\",\"Organization\"],\"@id\":\"https:\\\/\\\/bluefigure.com\\\/#\\\/schema\\\/person\\\/3168086d808b44baee7e401f0116c2fd\",\"name\":\"V\u00e9ronique TERRIEUX\",\"image\":{\"@type\":\"ImageObject\",\"inLanguage\":\"en-US\",\"@id\":\"https:\\\/\\\/bluefigure.com\\\/wp-content\\\/uploads\\\/2024\\\/12\\\/cropped-LOGO-Veronique-Terrieux.png\",\"url\":\"https:\\\/\\\/bluefigure.com\\\/wp-content\\\/uploads\\\/2024\\\/12\\\/cropped-LOGO-Veronique-Terrieux.png\",\"contentUrl\":\"https:\\\/\\\/bluefigure.com\\\/wp-content\\\/uploads\\\/2024\\\/12\\\/cropped-LOGO-Veronique-Terrieux.png\",\"width\":512,\"height\":512,\"caption\":\"V\u00e9ronique TERRIEUX\"},\"logo\":{\"@id\":\"https:\\\/\\\/bluefigure.com\\\/wp-content\\\/uploads\\\/2024\\\/12\\\/cropped-LOGO-Veronique-Terrieux.png\"}}]}<\/script>\n<!-- \/ Yoast SEO plugin. -->","yoast_head_json":{"title":"Art-th\u00e9rapie, un soin \u00e0 travers les arts plastiques","description":"Art-th\u00e9rapie : soin favorisant l'introspection, \u00e0 travers la pratique des arts plastiques comme mediation th\u00e9rapeutique.","robots":{"index":"index","follow":"follow","max-snippet":"max-snippet:-1","max-image-preview":"max-image-preview:large","max-video-preview":"max-video-preview:-1"},"canonical":"https:\/\/bluefigure.com\/en\/lart-therapie\/","og_locale":"en_US","og_type":"article","og_title":"Art-th\u00e9rapie, un soin \u00e0 travers les arts plastiques","og_description":"Art-th\u00e9rapie : soin favorisant l'introspection, \u00e0 travers la pratique des arts plastiques comme mediation th\u00e9rapeutique.","og_url":"https:\/\/bluefigure.com\/en\/lart-therapie\/","og_site_name":"V\u00e9ronique TERRIEUX","article_modified_time":"2025-04-25T17:49:00+00:00","og_image":[{"url":"https:\/\/bluefigure.com\/wp-content\/uploads\/2025\/03\/PHOTO-ART-THERAPIE-768x1024.jpg","type":"","width":"","height":""}],"twitter_card":"summary_large_image","twitter_misc":{"Est. reading time":"2 minutes"},"schema":{"@context":"https:\/\/schema.org","@graph":[{"@type":"WebPage","@id":"https:\/\/bluefigure.com\/lart-therapie\/","url":"https:\/\/bluefigure.com\/lart-therapie\/","name":"Art-th\u00e9rapie, un soin \u00e0 travers les arts plastiques","isPartOf":{"@id":"https:\/\/bluefigure.com\/#website"},"primaryImageOfPage":{"@id":"https:\/\/bluefigure.com\/lart-therapie\/#primaryimage"},"image":{"@id":"https:\/\/bluefigure.com\/lart-therapie\/#primaryimage"},"thumbnailUrl":"https:\/\/bluefigure.com\/wp-content\/uploads\/2025\/03\/PHOTO-ART-THERAPIE-768x1024.jpg","datePublished":"2025-03-16T09:07:40+00:00","dateModified":"2025-04-25T17:49:00+00:00","description":"Art-th\u00e9rapie : soin favorisant l'introspection, \u00e0 travers la pratique des arts plastiques comme mediation th\u00e9rapeutique.","breadcrumb":{"@id":"https:\/\/bluefigure.com\/lart-therapie\/#breadcrumb"},"inLanguage":"en-US","potentialAction":[{"@type":"ReadAction","target":["https:\/\/bluefigure.com\/lart-therapie\/"]}]},{"@type":"ImageObject","inLanguage":"en-US","@id":"https:\/\/bluefigure.com\/lart-therapie\/#primaryimage","url":"https:\/\/bluefigure.com\/wp-content\/uploads\/2025\/03\/PHOTO-ART-THERAPIE-768x1024.jpg","contentUrl":"https:\/\/bluefigure.com\/wp-content\/uploads\/2025\/03\/PHOTO-ART-THERAPIE-768x1024.jpg"},{"@type":"BreadcrumbList","@id":"https:\/\/bluefigure.com\/lart-therapie\/#breadcrumb","itemListElement":[{"@type":"ListItem","position":1,"name":"Accueil","item":"https:\/\/bluefigure.com\/"},{"@type":"ListItem","position":2,"name":"L&rsquo;art-th\u00e9rapie"}]},{"@type":"WebSite","@id":"https:\/\/bluefigure.com\/#website","url":"https:\/\/bluefigure.com\/","name":"V\u00e9ronique TERRIEUX - Bluefigure","description":"Artiste peintre fran\u00e7aise","publisher":{"@id":"https:\/\/bluefigure.com\/#\/schema\/person\/3168086d808b44baee7e401f0116c2fd"},"potentialAction":[{"@type":"SearchAction","target":{"@type":"EntryPoint","urlTemplate":"https:\/\/bluefigure.com\/?s={search_term_string}"},"query-input":{"@type":"PropertyValueSpecification","valueRequired":true,"valueName":"search_term_string"}}],"inLanguage":"en-US"},{"@type":["Person","Organization"],"@id":"https:\/\/bluefigure.com\/#\/schema\/person\/3168086d808b44baee7e401f0116c2fd","name":"V\u00e9ronique TERRIEUX","image":{"@type":"ImageObject","inLanguage":"en-US","@id":"https:\/\/bluefigure.com\/wp-content\/uploads\/2024\/12\/cropped-LOGO-Veronique-Terrieux.png","url":"https:\/\/bluefigure.com\/wp-content\/uploads\/2024\/12\/cropped-LOGO-Veronique-Terrieux.png","contentUrl":"https:\/\/bluefigure.com\/wp-content\/uploads\/2024\/12\/cropped-LOGO-Veronique-Terrieux.png","width":512,"height":512,"caption":"V\u00e9ronique TERRIEUX"},"logo":{"@id":"https:\/\/bluefigure.com\/wp-content\/uploads\/2024\/12\/cropped-LOGO-Veronique-Terrieux.png"}}]}},"_links":{"self":[{"href":"https:\/\/bluefigure.com\/en\/wp-json\/wp\/v2\/pages\/4110","targetHints":{"allow":["GET"]}}],"collection":[{"href":"https:\/\/bluefigure.com\/en\/wp-json\/wp\/v2\/pages"}],"about":[{"href":"https:\/\/bluefigure.com\/en\/wp-json\/wp\/v2\/types\/page"}],"author":[{"embeddable":true,"href":"https:\/\/bluefigure.com\/en\/wp-json\/wp\/v2\/users\/1"}],"replies":[{"embeddable":true,"href":"https:\/\/bluefigure.com\/en\/wp-json\/wp\/v2\/comments?post=4110"}],"version-history":[{"count":85,"href":"https:\/\/bluefigure.com\/en\/wp-json\/wp\/v2\/pages\/4110\/revisions"}],"predecessor-version":[{"id":5235,"href":"https:\/\/bluefigure.com\/en\/wp-json\/wp\/v2\/pages\/4110\/revisions\/5235"}],"wp:attachment":[{"href":"https:\/\/bluefigure.com\/en\/wp-json\/wp\/v2\/media?parent=4110"}],"curies":[{"name":"wp","href":"https:\/\/api.w.org\/{rel}","templated":true}]}}