{"id":4076,"date":"2025-03-18T09:25:28","date_gmt":"2025-03-18T08:25:28","guid":{"rendered":"https:\/\/bluefigure.com\/?page_id=4076"},"modified":"2026-05-05T11:39:59","modified_gmt":"2026-05-05T09:39:59","slug":"parcours-expositions","status":"publish","type":"page","link":"https:\/\/bluefigure.com\/en\/parcours-expositions\/","title":{"rendered":"Biography &amp; exhibitions"},"content":{"rendered":"<div data-elementor-type=\"wp-page\" data-elementor-id=\"4076\" class=\"elementor elementor-4076\">\n\t\t\t\t\t\t<section class=\"elementor-section elementor-top-section elementor-element elementor-element-fb5f530 elementor-section-boxed elementor-section-height-default elementor-section-height-default\" data-id=\"fb5f530\" data-element_type=\"section\" data-e-type=\"section\">\n\t\t\t\t\t\t<div class=\"elementor-container elementor-column-gap-default\">\n\t\t\t\t\t<div class=\"elementor-column elementor-col-100 elementor-top-column elementor-element elementor-element-5cdcc27\" data-id=\"5cdcc27\" data-element_type=\"column\" data-e-type=\"column\">\n\t\t\t<div class=\"elementor-widget-wrap elementor-element-populated\">\n\t\t\t\t\t\t<div class=\"elementor-element elementor-element-ea5d089 elementor-widget elementor-widget-heading\" data-id=\"ea5d089\" data-element_type=\"widget\" data-e-type=\"widget\" data-widget_type=\"heading.default\">\n\t\t\t\t<div class=\"elementor-widget-container\">\n\t\t\t\t\t<h1 class=\"elementor-heading-title elementor-size-default\">ABOUT: BIOGRAPHY &amp; EXHIBITIONS<\/h1>\t\t\t\t<\/div>\n\t\t\t\t<\/div>\n\t\t\t\t\t<\/div>\n\t\t<\/div>\n\t\t\t\t\t<\/div>\n\t\t<\/section>\n\t\t<div class=\"elementor-element elementor-element-49dfe58 e-flex e-con-boxed e-con e-parent\" data-id=\"49dfe58\" data-element_type=\"container\" data-e-type=\"container\">\n\t\t\t\t\t<div class=\"e-con-inner\">\n\t\t<div class=\"elementor-element elementor-element-6bad1c3 e-con-full e-flex e-con e-child\" data-id=\"6bad1c3\" data-element_type=\"container\" data-e-type=\"container\">\n\t\t\t\t<div class=\"elementor-element elementor-element-906e81a elementor-widget elementor-widget-image\" data-id=\"906e81a\" data-element_type=\"widget\" data-e-type=\"widget\" data-widget_type=\"image.default\">\n\t\t\t\t<div class=\"elementor-widget-container\">\n\t\t\t\t\t\t\t\t\t\t\t\t\t\t\t<img fetchpriority=\"high\" decoding=\"async\" width=\"549\" height=\"1024\" src=\"https:\/\/bluefigure.com\/wp-content\/uploads\/2026\/02\/Phot-VT-2000p-549x1024.jpg\" class=\"attachment-large size-large wp-image-5491\" alt=\"\" srcset=\"https:\/\/bluefigure.com\/wp-content\/uploads\/2026\/02\/Phot-VT-2000p-549x1024.jpg 549w, https:\/\/bluefigure.com\/wp-content\/uploads\/2026\/02\/Phot-VT-2000p-161x300.jpg 161w, https:\/\/bluefigure.com\/wp-content\/uploads\/2026\/02\/Phot-VT-2000p-768x1433.jpg 768w, https:\/\/bluefigure.com\/wp-content\/uploads\/2026\/02\/Phot-VT-2000p-823x1536.jpg 823w, https:\/\/bluefigure.com\/wp-content\/uploads\/2026\/02\/Phot-VT-2000p-6x12.jpg 6w, https:\/\/bluefigure.com\/wp-content\/uploads\/2026\/02\/Phot-VT-2000p.jpg 913w\" sizes=\"(max-width: 549px) 100vw, 549px\" \/>\t\t\t\t\t\t\t\t\t\t\t\t\t\t\t<\/div>\n\t\t\t\t<\/div>\n\t\t\t\t<\/div>\n\t\t<div class=\"elementor-element elementor-element-6e88e7b e-con-full e-flex e-con e-child\" data-id=\"6e88e7b\" data-element_type=\"container\" data-e-type=\"container\">\n\t\t\t\t<div class=\"elementor-element elementor-element-29bc04c elementor-widget elementor-widget-text-editor\" data-id=\"29bc04c\" data-element_type=\"widget\" data-e-type=\"widget\" data-widget_type=\"text-editor.default\">\n\t\t\t\t<div class=\"elementor-widget-container\">\n\t\t\t\t\t\t\t\t\t<p><strong>V\u00e9ronique TERRIEUX<\/strong>. French artist (1966).\u00a0<\/p><p>\u00a0<\/p><p>Live and work in Paris.<\/p><p>\u00a0<\/p><p>Ink painting - Landscape.<\/p><p>Assemblage and mixed media collages (ink painting\/drawing\/original old documents).<\/p>\t\t\t\t\t\t\t\t<\/div>\n\t\t\t\t<\/div>\n\t\t\t\t<div class=\"elementor-element elementor-element-0215cb1 elementor-widget elementor-widget-text-editor\" data-id=\"0215cb1\" data-element_type=\"widget\" data-e-type=\"widget\" data-widget_type=\"text-editor.default\">\n\t\t\t\t<div class=\"elementor-widget-container\">\n\t\t\t\t\t\t\t\t\t<p>Member of Maison des Artistes, ADAGP, Fondation Taylor<\/p>\t\t\t\t\t\t\t\t<\/div>\n\t\t\t\t<\/div>\n\t\t\t\t<\/div>\n\t\t\t\t\t<\/div>\n\t\t\t\t<\/div>\n\t\t\t\t<section class=\"elementor-section elementor-top-section elementor-element elementor-element-933326c elementor-section-boxed elementor-section-height-default elementor-section-height-default\" data-id=\"933326c\" data-element_type=\"section\" data-e-type=\"section\">\n\t\t\t\t\t\t<div class=\"elementor-container elementor-column-gap-default\">\n\t\t\t\t\t<div class=\"elementor-column elementor-col-100 elementor-top-column elementor-element elementor-element-19d4182\" data-id=\"19d4182\" data-element_type=\"column\" data-e-type=\"column\">\n\t\t\t<div class=\"elementor-widget-wrap elementor-element-populated\">\n\t\t\t\t\t\t<div class=\"elementor-element elementor-element-be48a27 elementor-widget elementor-widget-text-editor\" data-id=\"be48a27\" data-element_type=\"widget\" data-e-type=\"widget\" data-widget_type=\"text-editor.default\">\n\t\t\t\t<div class=\"elementor-widget-container\">\n\t\t\t\t\t\t\t\t\t<h2 style=\"font-size: 20px;\">Exhibitions (selected)<\/h2><p style=\"margin-bottom: 8px;\"><strong>VIVIENNE ART GALERIE<\/strong><\/p><p style=\"margin-bottom: 8px;\">Solo show, 30 Galerie VIVIENNE Paris 2, from march 23 to april 1st 2026<\/p><p style=\"margin-bottom: 8px;\">\u00a0<\/p><p style=\"margin-bottom: 8px;\"><strong style=\"font-style: italic;\">Galerie GRILLON, <\/strong>Paris 6e<\/p><p style=\"margin-bottom: 8px;\">2011\/2026 collaboration.\u00a0<span style=\"font-style: inherit; font-weight: inherit;\">Exhibitions and presence at Salon International de l'Estampe et du Dessin from 2011 to 2017<\/span><span style=\"font-style: inherit; font-weight: inherit;\">\u00a0Grand Palais, Paris<\/span><\/p><p>\u00a0<\/p><p style=\"margin-bottom: 8px;\"><em style=\"font-weight: inherit;\"><strong>YCG Fine Art, <\/strong><\/em><span style=\"font-style: inherit; font-weight: inherit;\">New-York<\/span><\/p><p>Works on permanent display.\u00a0<\/p><p class=\"translation-block\">Group exhibitions with international artists\u00a0:<br>\u00ab\u00a0<em>Off Canvas<\/em> \u00bb (2020), \u00ab <em>BLISS\u00a0<\/em>\u00bb (2021) et \u00ab <em>VIBES\u00a0<\/em>\u00bb (2023<\/p><p>\u00a0<\/p><p><em style=\"font-weight: inherit;\"><strong>Galerie Metanoia,<\/strong><\/em><span style=\"font-style: inherit; font-weight: inherit;\"> Group show \u00ab\u00a0<\/span><em style=\"font-weight: inherit;\">Et in Arcadia ego<\/em><span style=\"font-style: inherit; font-weight: inherit;\">\u00a0\u00bb Paris, March 2020<\/span><\/p><p><span style=\"font-style: inherit; font-weight: inherit;\">\u00a0<\/span><\/p><p style=\"margin-bottom: 8px;\"><em><strong>La Petite Galerie,<\/strong><\/em> Paris<\/p><p class=\"translation-block\">Solo exhibitions: \u00ab <em>On the edge of day and night \u00bb<\/em>  2016 ; \u00ab <em>Lights of Twilight <\/em>2013; \u00ab <em>Unknown Lands<\/em> \u00bb  c\/o Art Saint-Germain show 2012;  \u00ab <em>Landscapes<\/em> \u00bb  2011 \u2013 End of year Group exhibitions : \u00ab <em>The artists of the gallery<\/em> \u00bb 2018 and 2019;  \u00ab <em>The artists of the gallery around Fikret Moualla<\/em> \u00bb 2016;  \u00ab <em>One Hundred Titles<\/em>\u00a0\u00bb  2015<\/p><p>\u00a0<\/p><p><em><strong>National Art Center of Tokyo<\/strong><\/em>, Franco-Japanese group show with the CAEA, Tokyo 2013<\/p><p>\u00a0<\/p><p><em><strong>Carr\u00e9 des Coignard<\/strong><\/em>, salon \u00ab <em>Great names, small formats<\/em> group show, Nogent sur Marne 2012<\/p>\t\t\t\t\t\t\t\t<\/div>\n\t\t\t\t<\/div>\n\t\t\t\t<div class=\"elementor-element elementor-element-6ef8322 elementor-widget-tablet__width-initial elementor-widget elementor-widget-text-editor\" data-id=\"6ef8322\" data-element_type=\"widget\" data-e-type=\"widget\" data-widget_type=\"text-editor.default\">\n\t\t\t\t<div class=\"elementor-widget-container\">\n\t\t\t\t\t\t\t\t\t<h2 style=\"font-size:20px\">Oil painting archives: Group shows from 2001 to 2007<\/h2>\n40\u00e8me SALON DE LA MARINE, National Navy Museum, Paris 2007 \/ Salon de Printemps DOURDAN\u00a02007 \/ Salon VIOLET Paris 2006 \/ Salon des ARTISTES DU VAL DE MARNE, ST Maur des Foss\u00e9s 2006 \/ Salon International peinture et sculpture, VITTEL 2006 et 2005 (Medal of city of Vittel) \/ Salon International peinture et sculpture, NANCY 2006, 2005 (Silver Medal Award) et 2004 (Bronze Medal Award) \/ Salon du VAL DE CHER, St-Victor 2006 \/ Salon de peinture, EVIAN 2005 (Gold Medal Award) \/ Salon de Ste -MAURE-DE-TOURAINE 2005 et 2004 \/ Salon International du VAL D'OR, Meillant 2005 et 2004 \/ 'Regards Crois\u00e9s', LA MENITRE 2005 et 2004 \/ Salon des ARTISTES FRANCAIS, Paris 2003 et 2005 \/ SOCIETE NATIONALE DES BEAUX ARTS, Paris 2004 \/ \"10 AU 15\" PARIS 2004 \/'Arts Inter' LYON 2004 (Gold Medal Award) \/ Salon d'automne de BLOIS 2004 \/ Salon de BEAUGENCY 2004 \/ Palais de la RAYMONDIE, Martel 2003 \/ Salon des ARTISTES DU XII e , Paris 2002\t\t\t\t\t\t\t\t<\/div>\n\t\t\t\t<\/div>\n\t\t\t\t\t<\/div>\n\t\t<\/div>\n\t\t\t\t\t<\/div>\n\t\t<\/section>\n\t\t\t\t<\/div>","protected":false},"excerpt":{"rendered":"<p>A PROPOS\u00a0: Parcours &amp; expositions V\u00e9ronique TERRIEUX. Artiste fran\u00e7aise (1966).\u00a0 \u00a0 Vit et travaille \u00e0 Paris. \u00a0 Peinture paysage \u00e0 l&rsquo;encre. Assemblages-collages en techniques mixtes (peinture encre\/dessin\/documents anciens originaux). Membre de la Maison des artistes, ADAGP, Fondation Taylor S\u00e9lection d\u2019expositions VIVIENNE ART GALERIE Exposition personnelle, 30 Galerie VIVIENNE Paris 2e, du 23 mars au 1er [&hellip;]<\/p>\n","protected":false},"author":1,"featured_media":0,"parent":0,"menu_order":0,"comment_status":"closed","ping_status":"closed","template":"","meta":{"site-sidebar-layout":"no-sidebar","site-content-layout":"page-builder","ast-site-content-layout":"full-width-container","site-content-style":"unboxed","site-sidebar-style":"unboxed","ast-global-header-display":"","ast-banner-title-visibility":"","ast-main-header-display":"","ast-hfb-above-header-display":"","ast-hfb-below-header-display":"","ast-hfb-mobile-header-display":"","site-post-title":"disabled","ast-breadcrumbs-content":"","ast-featured-img":"disabled","footer-sml-layout":"","theme-transparent-header-meta":"disabled","adv-header-id-meta":"","stick-header-meta":"","header-above-stick-meta":"","header-main-stick-meta":"","header-below-stick-meta":"","astra-migrate-meta-layouts":"set","ast-page-background-enabled":"default","ast-page-background-meta":{"desktop":{"background-color":"var(--ast-global-color-4)","background-image":"","background-repeat":"repeat","background-position":"center center","background-size":"auto","background-attachment":"scroll","background-type":"","background-media":"","overlay-type":"","overlay-color":"","overlay-opacity":"","overlay-gradient":""},"tablet":{"background-color":"","background-image":"","background-repeat":"repeat","background-position":"center center","background-size":"auto","background-attachment":"scroll","background-type":"","background-media":"","overlay-type":"","overlay-color":"","overlay-opacity":"","overlay-gradient":""},"mobile":{"background-color":"","background-image":"","background-repeat":"repeat","background-position":"center center","background-size":"auto","background-attachment":"scroll","background-type":"","background-media":"","overlay-type":"","overlay-color":"","overlay-opacity":"","overlay-gradient":""}},"ast-content-background-meta":{"desktop":{"background-color":"var(--ast-global-color-5)","background-image":"","background-repeat":"repeat","background-position":"center center","background-size":"auto","background-attachment":"scroll","background-type":"","background-media":"","overlay-type":"","overlay-color":"","overlay-opacity":"","overlay-gradient":""},"tablet":{"background-color":"var(--ast-global-color-5)","background-image":"","background-repeat":"repeat","background-position":"center center","background-size":"auto","background-attachment":"scroll","background-type":"","background-media":"","overlay-type":"","overlay-color":"","overlay-opacity":"","overlay-gradient":""},"mobile":{"background-color":"var(--ast-global-color-5)","background-image":"","background-repeat":"repeat","background-position":"center center","background-size":"auto","background-attachment":"scroll","background-type":"","background-media":"","overlay-type":"","overlay-color":"","overlay-opacity":"","overlay-gradient":""}},"footnotes":""},"class_list":["post-4076","page","type-page","status-publish","hentry"],"yoast_head":"<!-- This site is optimized with the Yoast SEO plugin v27.5 - https:\/\/yoast.com\/product\/yoast-seo-wordpress\/ -->\n<title>Biographie de V\u00e9ronique Terrieux<\/title>\n<meta name=\"description\" content=\"D\u00e9couvrez parcours et expositions de V\u00e9ronique Terrieux, artiste parisienne repr\u00e9sent\u00e9e par la Galerie Grillon. Ses \u0153uvres sont diffus\u00e9es \u00e0 l&#039;international.\" \/>\n<meta name=\"robots\" content=\"index, follow, max-snippet:-1, max-image-preview:large, max-video-preview:-1\" \/>\n<link rel=\"canonical\" href=\"https:\/\/bluefigure.com\/en\/parcours-expositions\/\" \/>\n<meta property=\"og:locale\" content=\"en_US\" \/>\n<meta property=\"og:type\" content=\"article\" \/>\n<meta property=\"og:title\" content=\"Biographie de V\u00e9ronique Terrieux\" \/>\n<meta property=\"og:description\" content=\"D\u00e9couvrez parcours et expositions de V\u00e9ronique Terrieux, artiste parisienne repr\u00e9sent\u00e9e par la Galerie Grillon. Ses \u0153uvres sont diffus\u00e9es \u00e0 l&#039;international.\" \/>\n<meta property=\"og:url\" content=\"https:\/\/bluefigure.com\/en\/parcours-expositions\/\" \/>\n<meta property=\"og:site_name\" content=\"V\u00e9ronique TERRIEUX\" \/>\n<meta property=\"article:modified_time\" content=\"2026-05-05T09:39:59+00:00\" \/>\n<meta property=\"og:image\" content=\"https:\/\/bluefigure.com\/wp-content\/uploads\/2026\/02\/Phot-VT-2000p.jpg\" \/>\n\t<meta property=\"og:image:width\" content=\"913\" \/>\n\t<meta property=\"og:image:height\" content=\"1704\" \/>\n\t<meta property=\"og:image:type\" content=\"image\/jpeg\" \/>\n<meta name=\"twitter:card\" content=\"summary_large_image\" \/>\n<meta name=\"twitter:label1\" content=\"Est. reading time\" \/>\n\t<meta name=\"twitter:data1\" content=\"3 minutes\" \/>\n<script type=\"application\/ld+json\" class=\"yoast-schema-graph\">{\"@context\":\"https:\\\/\\\/schema.org\",\"@graph\":[{\"@type\":\"WebPage\",\"@id\":\"https:\\\/\\\/bluefigure.com\\\/parcours-expositions\\\/\",\"url\":\"https:\\\/\\\/bluefigure.com\\\/parcours-expositions\\\/\",\"name\":\"Biographie de V\u00e9ronique Terrieux\",\"isPartOf\":{\"@id\":\"https:\\\/\\\/bluefigure.com\\\/#website\"},\"primaryImageOfPage\":{\"@id\":\"https:\\\/\\\/bluefigure.com\\\/parcours-expositions\\\/#primaryimage\"},\"image\":{\"@id\":\"https:\\\/\\\/bluefigure.com\\\/parcours-expositions\\\/#primaryimage\"},\"thumbnailUrl\":\"https:\\\/\\\/bluefigure.com\\\/wp-content\\\/uploads\\\/2026\\\/02\\\/Phot-VT-2000p-549x1024.jpg\",\"datePublished\":\"2025-03-18T08:25:28+00:00\",\"dateModified\":\"2026-05-05T09:39:59+00:00\",\"description\":\"D\u00e9couvrez parcours et expositions de V\u00e9ronique Terrieux, artiste parisienne repr\u00e9sent\u00e9e par la Galerie Grillon. Ses \u0153uvres sont diffus\u00e9es \u00e0 l'international.\",\"breadcrumb\":{\"@id\":\"https:\\\/\\\/bluefigure.com\\\/parcours-expositions\\\/#breadcrumb\"},\"inLanguage\":\"en-US\",\"potentialAction\":[{\"@type\":\"ReadAction\",\"target\":[\"https:\\\/\\\/bluefigure.com\\\/parcours-expositions\\\/\"]}]},{\"@type\":\"ImageObject\",\"inLanguage\":\"en-US\",\"@id\":\"https:\\\/\\\/bluefigure.com\\\/parcours-expositions\\\/#primaryimage\",\"url\":\"https:\\\/\\\/bluefigure.com\\\/wp-content\\\/uploads\\\/2026\\\/02\\\/Phot-VT-2000p-549x1024.jpg\",\"contentUrl\":\"https:\\\/\\\/bluefigure.com\\\/wp-content\\\/uploads\\\/2026\\\/02\\\/Phot-VT-2000p-549x1024.jpg\"},{\"@type\":\"BreadcrumbList\",\"@id\":\"https:\\\/\\\/bluefigure.com\\\/parcours-expositions\\\/#breadcrumb\",\"itemListElement\":[{\"@type\":\"ListItem\",\"position\":1,\"name\":\"Accueil\",\"item\":\"https:\\\/\\\/bluefigure.com\\\/\"},{\"@type\":\"ListItem\",\"position\":2,\"name\":\"Parcours &#038; expositions\"}]},{\"@type\":\"WebSite\",\"@id\":\"https:\\\/\\\/bluefigure.com\\\/#website\",\"url\":\"https:\\\/\\\/bluefigure.com\\\/\",\"name\":\"V\u00e9ronique TERRIEUX - Bluefigure\",\"description\":\"Artiste peintre fran\u00e7aise\",\"publisher\":{\"@id\":\"https:\\\/\\\/bluefigure.com\\\/#\\\/schema\\\/person\\\/3168086d808b44baee7e401f0116c2fd\"},\"potentialAction\":[{\"@type\":\"SearchAction\",\"target\":{\"@type\":\"EntryPoint\",\"urlTemplate\":\"https:\\\/\\\/bluefigure.com\\\/?s={search_term_string}\"},\"query-input\":{\"@type\":\"PropertyValueSpecification\",\"valueRequired\":true,\"valueName\":\"search_term_string\"}}],\"inLanguage\":\"en-US\"},{\"@type\":[\"Person\",\"Organization\"],\"@id\":\"https:\\\/\\\/bluefigure.com\\\/#\\\/schema\\\/person\\\/3168086d808b44baee7e401f0116c2fd\",\"name\":\"V\u00e9ronique TERRIEUX\",\"image\":{\"@type\":\"ImageObject\",\"inLanguage\":\"en-US\",\"@id\":\"https:\\\/\\\/bluefigure.com\\\/wp-content\\\/uploads\\\/2024\\\/12\\\/cropped-LOGO-Veronique-Terrieux.png\",\"url\":\"https:\\\/\\\/bluefigure.com\\\/wp-content\\\/uploads\\\/2024\\\/12\\\/cropped-LOGO-Veronique-Terrieux.png\",\"contentUrl\":\"https:\\\/\\\/bluefigure.com\\\/wp-content\\\/uploads\\\/2024\\\/12\\\/cropped-LOGO-Veronique-Terrieux.png\",\"width\":512,\"height\":512,\"caption\":\"V\u00e9ronique TERRIEUX\"},\"logo\":{\"@id\":\"https:\\\/\\\/bluefigure.com\\\/wp-content\\\/uploads\\\/2024\\\/12\\\/cropped-LOGO-Veronique-Terrieux.png\"}}]}<\/script>\n<!-- \/ Yoast SEO plugin. -->","yoast_head_json":{"title":"Biographie de V\u00e9ronique Terrieux","description":"D\u00e9couvrez parcours et expositions de V\u00e9ronique Terrieux, artiste parisienne repr\u00e9sent\u00e9e par la Galerie Grillon. Ses \u0153uvres sont diffus\u00e9es \u00e0 l'international.","robots":{"index":"index","follow":"follow","max-snippet":"max-snippet:-1","max-image-preview":"max-image-preview:large","max-video-preview":"max-video-preview:-1"},"canonical":"https:\/\/bluefigure.com\/en\/parcours-expositions\/","og_locale":"en_US","og_type":"article","og_title":"Biographie de V\u00e9ronique Terrieux","og_description":"D\u00e9couvrez parcours et expositions de V\u00e9ronique Terrieux, artiste parisienne repr\u00e9sent\u00e9e par la Galerie Grillon. Ses \u0153uvres sont diffus\u00e9es \u00e0 l'international.","og_url":"https:\/\/bluefigure.com\/en\/parcours-expositions\/","og_site_name":"V\u00e9ronique TERRIEUX","article_modified_time":"2026-05-05T09:39:59+00:00","og_image":[{"width":913,"height":1704,"url":"https:\/\/bluefigure.com\/wp-content\/uploads\/2026\/02\/Phot-VT-2000p.jpg","type":"image\/jpeg"}],"twitter_card":"summary_large_image","twitter_misc":{"Est. reading time":"3 minutes"},"schema":{"@context":"https:\/\/schema.org","@graph":[{"@type":"WebPage","@id":"https:\/\/bluefigure.com\/parcours-expositions\/","url":"https:\/\/bluefigure.com\/parcours-expositions\/","name":"Biographie de V\u00e9ronique Terrieux","isPartOf":{"@id":"https:\/\/bluefigure.com\/#website"},"primaryImageOfPage":{"@id":"https:\/\/bluefigure.com\/parcours-expositions\/#primaryimage"},"image":{"@id":"https:\/\/bluefigure.com\/parcours-expositions\/#primaryimage"},"thumbnailUrl":"https:\/\/bluefigure.com\/wp-content\/uploads\/2026\/02\/Phot-VT-2000p-549x1024.jpg","datePublished":"2025-03-18T08:25:28+00:00","dateModified":"2026-05-05T09:39:59+00:00","description":"D\u00e9couvrez parcours et expositions de V\u00e9ronique Terrieux, artiste parisienne repr\u00e9sent\u00e9e par la Galerie Grillon. Ses \u0153uvres sont diffus\u00e9es \u00e0 l'international.","breadcrumb":{"@id":"https:\/\/bluefigure.com\/parcours-expositions\/#breadcrumb"},"inLanguage":"en-US","potentialAction":[{"@type":"ReadAction","target":["https:\/\/bluefigure.com\/parcours-expositions\/"]}]},{"@type":"ImageObject","inLanguage":"en-US","@id":"https:\/\/bluefigure.com\/parcours-expositions\/#primaryimage","url":"https:\/\/bluefigure.com\/wp-content\/uploads\/2026\/02\/Phot-VT-2000p-549x1024.jpg","contentUrl":"https:\/\/bluefigure.com\/wp-content\/uploads\/2026\/02\/Phot-VT-2000p-549x1024.jpg"},{"@type":"BreadcrumbList","@id":"https:\/\/bluefigure.com\/parcours-expositions\/#breadcrumb","itemListElement":[{"@type":"ListItem","position":1,"name":"Accueil","item":"https:\/\/bluefigure.com\/"},{"@type":"ListItem","position":2,"name":"Parcours &#038; expositions"}]},{"@type":"WebSite","@id":"https:\/\/bluefigure.com\/#website","url":"https:\/\/bluefigure.com\/","name":"V\u00e9ronique TERRIEUX - Bluefigure","description":"Artiste peintre fran\u00e7aise","publisher":{"@id":"https:\/\/bluefigure.com\/#\/schema\/person\/3168086d808b44baee7e401f0116c2fd"},"potentialAction":[{"@type":"SearchAction","target":{"@type":"EntryPoint","urlTemplate":"https:\/\/bluefigure.com\/?s={search_term_string}"},"query-input":{"@type":"PropertyValueSpecification","valueRequired":true,"valueName":"search_term_string"}}],"inLanguage":"en-US"},{"@type":["Person","Organization"],"@id":"https:\/\/bluefigure.com\/#\/schema\/person\/3168086d808b44baee7e401f0116c2fd","name":"V\u00e9ronique TERRIEUX","image":{"@type":"ImageObject","inLanguage":"en-US","@id":"https:\/\/bluefigure.com\/wp-content\/uploads\/2024\/12\/cropped-LOGO-Veronique-Terrieux.png","url":"https:\/\/bluefigure.com\/wp-content\/uploads\/2024\/12\/cropped-LOGO-Veronique-Terrieux.png","contentUrl":"https:\/\/bluefigure.com\/wp-content\/uploads\/2024\/12\/cropped-LOGO-Veronique-Terrieux.png","width":512,"height":512,"caption":"V\u00e9ronique TERRIEUX"},"logo":{"@id":"https:\/\/bluefigure.com\/wp-content\/uploads\/2024\/12\/cropped-LOGO-Veronique-Terrieux.png"}}]}},"_links":{"self":[{"href":"https:\/\/bluefigure.com\/en\/wp-json\/wp\/v2\/pages\/4076","targetHints":{"allow":["GET"]}}],"collection":[{"href":"https:\/\/bluefigure.com\/en\/wp-json\/wp\/v2\/pages"}],"about":[{"href":"https:\/\/bluefigure.com\/en\/wp-json\/wp\/v2\/types\/page"}],"author":[{"embeddable":true,"href":"https:\/\/bluefigure.com\/en\/wp-json\/wp\/v2\/users\/1"}],"replies":[{"embeddable":true,"href":"https:\/\/bluefigure.com\/en\/wp-json\/wp\/v2\/comments?post=4076"}],"version-history":[{"count":106,"href":"https:\/\/bluefigure.com\/en\/wp-json\/wp\/v2\/pages\/4076\/revisions"}],"predecessor-version":[{"id":5516,"href":"https:\/\/bluefigure.com\/en\/wp-json\/wp\/v2\/pages\/4076\/revisions\/5516"}],"wp:attachment":[{"href":"https:\/\/bluefigure.com\/en\/wp-json\/wp\/v2\/media?parent=4076"}],"curies":[{"name":"wp","href":"https:\/\/api.w.org\/{rel}","templated":true}]}}