{"id":4075,"date":"2025-03-16T09:32:42","date_gmt":"2025-03-16T08:32:42","guid":{"rendered":"https:\/\/bluefigure.com\/?page_id=4075"},"modified":"2025-04-23T23:20:02","modified_gmt":"2025-04-23T21:20:02","slug":"ecrire-la-poesie","status":"publish","type":"page","link":"https:\/\/bluefigure.com\/en\/ecrire-la-poesie\/","title":{"rendered":"Poetry"},"content":{"rendered":"<div data-elementor-type=\"wp-page\" data-elementor-id=\"4075\" class=\"elementor elementor-4075\">\n\t\t\t\t<div class=\"elementor-element elementor-element-00adb2e e-con-full e-flex e-con e-parent\" data-id=\"00adb2e\" data-element_type=\"container\" data-e-type=\"container\" data-settings=\"{&quot;background_background&quot;:&quot;classic&quot;}\">\n\t\t<div class=\"elementor-element elementor-element-1f06547 e-flex e-con-boxed e-con e-child\" data-id=\"1f06547\" data-element_type=\"container\" data-e-type=\"container\">\n\t\t\t\t\t<div class=\"e-con-inner\">\n\t\t\t\t\t<\/div>\n\t\t\t\t<\/div>\n\t\t\t\t<\/div>\n\t\t\t\t<section class=\"elementor-section elementor-top-section elementor-element elementor-element-fb5f530 elementor-section-boxed elementor-section-height-default elementor-section-height-default\" data-id=\"fb5f530\" data-element_type=\"section\" data-e-type=\"section\">\n\t\t\t\t\t\t<div class=\"elementor-container elementor-column-gap-default\">\n\t\t\t\t\t<div class=\"elementor-column elementor-col-100 elementor-top-column elementor-element elementor-element-5cdcc27\" data-id=\"5cdcc27\" data-element_type=\"column\" data-e-type=\"column\">\n\t\t\t<div class=\"elementor-widget-wrap elementor-element-populated\">\n\t\t\t\t\t\t<div class=\"elementor-element elementor-element-ea5d089 elementor-widget elementor-widget-heading\" data-id=\"ea5d089\" data-element_type=\"widget\" data-e-type=\"widget\" data-widget_type=\"heading.default\">\n\t\t\t\t<div class=\"elementor-widget-container\">\n\t\t\t\t\t<h1 class=\"elementor-heading-title elementor-size-default\">BEYOND : POETRY<\/h1>\t\t\t\t<\/div>\n\t\t\t\t<\/div>\n\t\t\t\t<div class=\"elementor-element elementor-element-afea823 elementor-widget elementor-widget-text-editor\" data-id=\"afea823\" data-element_type=\"widget\" data-e-type=\"widget\" data-widget_type=\"text-editor.default\">\n\t\t\t\t<div class=\"elementor-widget-container\">\n\t\t\t\t\t\t\t\t\t<p>... or the path of the soul. From dusk to dawn, waking at night to try to see more clearly, then falling asleep at the morning of the world...<\/p>\t\t\t\t\t\t\t\t<\/div>\n\t\t\t\t<\/div>\n\t\t\t\t\t<\/div>\n\t\t<\/div>\n\t\t\t\t\t<\/div>\n\t\t<\/section>\n\t\t\t\t<section class=\"elementor-section elementor-top-section elementor-element elementor-element-933326c elementor-section-boxed elementor-section-height-default elementor-section-height-default\" data-id=\"933326c\" data-element_type=\"section\" data-e-type=\"section\">\n\t\t\t\t\t\t<div class=\"elementor-container elementor-column-gap-default\">\n\t\t\t\t\t<div class=\"elementor-column elementor-col-100 elementor-top-column elementor-element elementor-element-19d4182\" data-id=\"19d4182\" data-element_type=\"column\" data-e-type=\"column\">\n\t\t\t<div class=\"elementor-widget-wrap elementor-element-populated\">\n\t\t\t\t\t\t<div class=\"elementor-element elementor-element-be48a27 elementor-widget elementor-widget-text-editor\" data-id=\"be48a27\" data-element_type=\"widget\" data-e-type=\"widget\" data-widget_type=\"text-editor.default\">\n\t\t\t\t<div class=\"elementor-widget-container\">\n\t\t\t\t\t\t\t\t\t<p>When the need to write becomes pressing, listening to this inner call becomes a necessity. To put words down - urgently, quickly... on feelings, emotions, memories, or just on a vague intuition.<\/p><p>If painting is the inspiration, then writing poetry is a breath. Writing in the present, almost daily, the moment the words arrive, because afterward, it\u2019s too late.<\/p><p>\u00a0<\/p><p><strong>Here, two collections of poems, selected and gathered in 2008 and 2012, and a little lower, a few words in between.<\/strong><\/p>\t\t\t\t\t\t\t\t<\/div>\n\t\t\t\t<\/div>\n\t\t\t\t\t<\/div>\n\t\t<\/div>\n\t\t\t\t\t<\/div>\n\t\t<\/section>\n\t\t<div class=\"elementor-element elementor-element-49dfe58 e-flex e-con-boxed e-con e-parent\" data-id=\"49dfe58\" data-element_type=\"container\" data-e-type=\"container\">\n\t\t\t\t\t<div class=\"e-con-inner\">\n\t\t<div class=\"elementor-element elementor-element-6bad1c3 e-con-full e-flex e-con e-child\" data-id=\"6bad1c3\" data-element_type=\"container\" data-e-type=\"container\" id=\"hover-tuile-v2\">\n\t\t\t\t<div class=\"elementor-element elementor-element-906e81a elementor-widget elementor-widget-image\" data-id=\"906e81a\" data-element_type=\"widget\" data-e-type=\"widget\" data-widget_type=\"image.default\">\n\t\t\t\t<div class=\"elementor-widget-container\">\n\t\t\t\t\t\t\t\t\t\t\t\t\t\t\t\t<a href=\"https:\/\/bluefigure.com\/wp-content\/uploads\/2025\/04\/PoemesduGrezal-VTERRIEUX_web_2025.pdf\" target=\"_blank\">\n\t\t\t\t\t\t\t<img fetchpriority=\"high\" decoding=\"async\" width=\"695\" height=\"1024\" src=\"https:\/\/bluefigure.com\/wp-content\/uploads\/2025\/03\/IMAGE1-POESIE-695x1024.jpg\" class=\"elementor-animation-grow attachment-large size-large wp-image-4079\" alt=\"\" srcset=\"https:\/\/bluefigure.com\/wp-content\/uploads\/2025\/03\/IMAGE1-POESIE-695x1024.jpg 695w, https:\/\/bluefigure.com\/wp-content\/uploads\/2025\/03\/IMAGE1-POESIE-204x300.jpg 204w, https:\/\/bluefigure.com\/wp-content\/uploads\/2025\/03\/IMAGE1-POESIE-768x1132.jpg 768w, https:\/\/bluefigure.com\/wp-content\/uploads\/2025\/03\/IMAGE1-POESIE-1042x1536.jpg 1042w, https:\/\/bluefigure.com\/wp-content\/uploads\/2025\/03\/IMAGE1-POESIE-1390x2048.jpg 1390w, https:\/\/bluefigure.com\/wp-content\/uploads\/2025\/03\/IMAGE1-POESIE-8x12.jpg 8w, https:\/\/bluefigure.com\/wp-content\/uploads\/2025\/03\/IMAGE1-POESIE-scaled.jpg 1737w\" sizes=\"(max-width: 695px) 100vw, 695px\" \/>\t\t\t\t\t\t\t\t<\/a>\n\t\t\t\t\t\t\t\t\t\t\t\t\t\t\t<\/div>\n\t\t\t\t<\/div>\n\t\t\t\t<div class=\"elementor-element elementor-element-6682c0c elementor-widget elementor-widget-heading\" data-id=\"6682c0c\" data-element_type=\"widget\" data-e-type=\"widget\" data-widget_type=\"heading.default\">\n\t\t\t\t<div class=\"elementor-widget-container\">\n\t\t\t\t\t<h3 class=\"elementor-heading-title elementor-size-default\"><a href=\"https:\/\/bluefigure.com\/wp-content\/uploads\/2025\/04\/PoemesduGrezal-VTERRIEUX_web_2025.pdf\" target=\"_blank\">&gt; Click here<\/a><\/h3>\t\t\t\t<\/div>\n\t\t\t\t<\/div>\n\t\t\t\t<\/div>\n\t\t<div class=\"elementor-element elementor-element-6e88e7b e-con-full e-flex e-con e-child\" data-id=\"6e88e7b\" data-element_type=\"container\" data-e-type=\"container\">\n\t\t\t\t<div class=\"elementor-element elementor-element-3b38af5 elementor-widget elementor-widget-heading\" data-id=\"3b38af5\" data-element_type=\"widget\" data-e-type=\"widget\" data-widget_type=\"heading.default\">\n\t\t\t\t<div class=\"elementor-widget-container\">\n\t\t\t\t\t<h2 class=\"elementor-heading-title elementor-size-default\">Po\u00e8mes du Gr\u00e9zal<\/h2>\t\t\t\t<\/div>\n\t\t\t\t<\/div>\n\t\t\t\t<div class=\"elementor-element elementor-element-eddd535 elementor-widget elementor-widget-heading\" data-id=\"eddd535\" data-element_type=\"widget\" data-e-type=\"widget\" data-widget_type=\"heading.default\">\n\t\t\t\t<div class=\"elementor-widget-container\">\n\t\t\t\t\t<h2 class=\"elementor-heading-title elementor-size-default\">Pr\u00e9face<\/h2>\t\t\t\t<\/div>\n\t\t\t\t<\/div>\n\t\t\t\t<div class=\"elementor-element elementor-element-29bc04c elementor-widget elementor-widget-text-editor\" data-id=\"29bc04c\" data-element_type=\"widget\" data-e-type=\"widget\" data-widget_type=\"text-editor.default\">\n\t\t\t\t<div class=\"elementor-widget-container\">\n\t\t\t\t\t\t\t\t\t<p><em>\u00ab\u00a0Lost at the end of a country lane, Le Gr\u00e9zal, place of my childhood, inhabited by invisible beings, still nourishes my breath and my soul. In this unique land, there resonates \"an elsewhere\" that restores to our humanity its rightful measure.\u00a0\u00bb<\/em><\/p>\t\t\t\t\t\t\t\t<\/div>\n\t\t\t\t<\/div>\n\t\t\t\t<\/div>\n\t\t\t\t\t<\/div>\n\t\t\t\t<\/div>\n\t\t<div class=\"elementor-element elementor-element-5e23964 e-flex e-con-boxed e-con e-parent\" data-id=\"5e23964\" data-element_type=\"container\" data-e-type=\"container\">\n\t\t\t\t\t<div class=\"e-con-inner\">\n\t\t<div class=\"elementor-element elementor-element-73fcf35 e-con-full e-flex e-con e-child\" data-id=\"73fcf35\" data-element_type=\"container\" data-e-type=\"container\">\n\t\t\t\t<div class=\"elementor-element elementor-element-68aef0d elementor-widget elementor-widget-heading\" data-id=\"68aef0d\" data-element_type=\"widget\" data-e-type=\"widget\" data-widget_type=\"heading.default\">\n\t\t\t\t<div class=\"elementor-widget-container\">\n\t\t\t\t\t<h2 class=\"elementor-heading-title elementor-size-default\">LE VOILE D\u2019APHRODITE<\/h2>\t\t\t\t<\/div>\n\t\t\t\t<\/div>\n\t\t\t\t<div class=\"elementor-element elementor-element-6112c06 elementor-widget elementor-widget-heading\" data-id=\"6112c06\" data-element_type=\"widget\" data-e-type=\"widget\" data-widget_type=\"heading.default\">\n\t\t\t\t<div class=\"elementor-widget-container\">\n\t\t\t\t\t<h2 class=\"elementor-heading-title elementor-size-default\">Pr\u00e9face<\/h2>\t\t\t\t<\/div>\n\t\t\t\t<\/div>\n\t\t\t\t<div class=\"elementor-element elementor-element-87c3df3 elementor-widget elementor-widget-text-editor\" data-id=\"87c3df3\" data-element_type=\"widget\" data-e-type=\"widget\" data-widget_type=\"text-editor.default\">\n\t\t\t\t<div class=\"elementor-widget-container\">\n\t\t\t\t\t\t\t\t\t<p><em>\u00ab The gentle spring wind rekindles the hidden flame and, in all its beauty, brings to life within my being the consciousness of Aphrodite. The mysterious autumn wind wraps her body in a radiant veil and holds back her sweet voluptuousness for timeless reunions.\u00a0\u00bb<\/em><\/p>\t\t\t\t\t\t\t\t<\/div>\n\t\t\t\t<\/div>\n\t\t\t\t<\/div>\n\t\t<div class=\"elementor-element elementor-element-a9a69ea e-con-full e-flex e-con e-child\" data-id=\"a9a69ea\" data-element_type=\"container\" data-e-type=\"container\" id=\"hover-tuile-v2\">\n\t\t\t\t<div class=\"elementor-element elementor-element-748b910 elementor-widget elementor-widget-image\" data-id=\"748b910\" data-element_type=\"widget\" data-e-type=\"widget\" data-widget_type=\"image.default\">\n\t\t\t\t<div class=\"elementor-widget-container\">\n\t\t\t\t\t\t\t\t\t\t\t\t\t\t\t\t<a href=\"https:\/\/bluefigure.com\/wp-content\/uploads\/2025\/04\/LeVoiledAphrodite-VTERRIEUX_web_2025.pdf\" target=\"_blank\">\n\t\t\t\t\t\t\t<img decoding=\"async\" width=\"695\" height=\"1024\" src=\"https:\/\/bluefigure.com\/wp-content\/uploads\/2025\/03\/IMAGE2-POESIE-695x1024.jpg\" class=\"elementor-animation-grow attachment-large size-large wp-image-4084\" alt=\"\" srcset=\"https:\/\/bluefigure.com\/wp-content\/uploads\/2025\/03\/IMAGE2-POESIE-695x1024.jpg 695w, https:\/\/bluefigure.com\/wp-content\/uploads\/2025\/03\/IMAGE2-POESIE-204x300.jpg 204w, https:\/\/bluefigure.com\/wp-content\/uploads\/2025\/03\/IMAGE2-POESIE-768x1132.jpg 768w, https:\/\/bluefigure.com\/wp-content\/uploads\/2025\/03\/IMAGE2-POESIE-1042x1536.jpg 1042w, https:\/\/bluefigure.com\/wp-content\/uploads\/2025\/03\/IMAGE2-POESIE-1390x2048.jpg 1390w, https:\/\/bluefigure.com\/wp-content\/uploads\/2025\/03\/IMAGE2-POESIE-8x12.jpg 8w, https:\/\/bluefigure.com\/wp-content\/uploads\/2025\/03\/IMAGE2-POESIE-scaled.jpg 1737w\" sizes=\"(max-width: 695px) 100vw, 695px\" \/>\t\t\t\t\t\t\t\t<\/a>\n\t\t\t\t\t\t\t\t\t\t\t\t\t\t\t<\/div>\n\t\t\t\t<\/div>\n\t\t\t\t<div class=\"elementor-element elementor-element-47e34fa elementor-widget elementor-widget-heading\" data-id=\"47e34fa\" data-element_type=\"widget\" data-e-type=\"widget\" data-widget_type=\"heading.default\">\n\t\t\t\t<div class=\"elementor-widget-container\">\n\t\t\t\t\t<h3 class=\"elementor-heading-title elementor-size-default\"><a href=\"https:\/\/bluefigure.com\/wp-content\/uploads\/2025\/04\/LeVoiledAphrodite-VTERRIEUX_web_2025.pdf\" target=\"_blank\">&gt; Click here<\/a><\/h3>\t\t\t\t<\/div>\n\t\t\t\t<\/div>\n\t\t\t\t<\/div>\n\t\t\t\t\t<\/div>\n\t\t\t\t<\/div>\n\t\t\t\t<section class=\"elementor-section elementor-top-section elementor-element elementor-element-7eb7923 elementor-section-boxed elementor-section-height-default elementor-section-height-default\" data-id=\"7eb7923\" data-element_type=\"section\" data-e-type=\"section\">\n\t\t\t\t\t\t<div class=\"elementor-container elementor-column-gap-default\">\n\t\t\t\t\t<div class=\"elementor-column elementor-col-100 elementor-top-column elementor-element elementor-element-5ae196e\" data-id=\"5ae196e\" data-element_type=\"column\" data-e-type=\"column\">\n\t\t\t<div class=\"elementor-widget-wrap elementor-element-populated\">\n\t\t\t\t\t\t<div class=\"elementor-element elementor-element-6123ac8 elementor-widget elementor-widget-text-editor\" data-id=\"6123ac8\" data-element_type=\"widget\" data-e-type=\"widget\" data-widget_type=\"text-editor.default\">\n\t\t\t\t<div class=\"elementor-widget-container\">\n\t\t\t\t\t\t\t\t\t<p><strong>Dawn and Dusk: two intense and inspiring moments<\/strong><\/p><p>\u00a0<\/p><p>\u00ab\u00a0<em>At the edge of day and night, when the light is fading\u00a0<\/em>between reason and instinct, this strange and particular moment, conducive to poetic reverie, reveals the fragility of the scene and possesses an almost hypnotic effect that continues to inspire me,\nagain and again. When the sun finishes dazzling us and the moon begins to illuminate us, it seems possible to see more clearly, at least inwardly... for the night disperses the traces of the day and invites renewal. \u00bb  (V.Terrieux, 2016)<\/p><p><br \/>It is a space-time where our landmarks fall away, where perception shifts, and where an odd feeling of \"elsewhere\" can emerge, where at once everything happens and nothing happens, conducive to the awakening of our senses and so inspiring!<\/p><p>\u00a0<\/p><p>The magical, fleeting and mysterious light of these transitions between day and night reflects both soft, slightly desaturated colors and pure, luminous hues - those very colors I am trying to reproduce in my painting and writing, in an attempt to create a joyful union.<\/p>\t\t\t\t\t\t\t\t<\/div>\n\t\t\t\t<\/div>\n\t\t\t\t\t<\/div>\n\t\t<\/div>\n\t\t\t\t\t<\/div>\n\t\t<\/section>\n\t\t\t\t<\/div>","protected":false},"excerpt":{"rendered":"<p>AU-DELA\u00a0: \u00c9crire la po\u00e9sie \u2026 ou la voie de l\u2019\u00e2me. Du cr\u00e9puscule \u00e0 l\u2019aube, s\u2019\u00e9veiller la nuit pour essayer de voir plus clair, puis s\u2019endormir au matin du monde\u2026 Quand le besoin d\u2019\u00e9crire se fait pressant, \u00e9couter cet appel int\u00e9rieur devient une n\u00e9cessit\u00e9. Mettre des mots absolument, vite\u2026 sur des ressentis, des \u00e9motions, des souvenirs [&hellip;]<\/p>\n","protected":false},"author":1,"featured_media":0,"parent":0,"menu_order":0,"comment_status":"closed","ping_status":"closed","template":"","meta":{"site-sidebar-layout":"no-sidebar","site-content-layout":"page-builder","ast-site-content-layout":"full-width-container","site-content-style":"unboxed","site-sidebar-style":"unboxed","ast-global-header-display":"","ast-banner-title-visibility":"","ast-main-header-display":"","ast-hfb-above-header-display":"","ast-hfb-below-header-display":"","ast-hfb-mobile-header-display":"","site-post-title":"disabled","ast-breadcrumbs-content":"","ast-featured-img":"disabled","footer-sml-layout":"","theme-transparent-header-meta":"disabled","adv-header-id-meta":"","stick-header-meta":"","header-above-stick-meta":"","header-main-stick-meta":"","header-below-stick-meta":"","astra-migrate-meta-layouts":"set","ast-page-background-enabled":"default","ast-page-background-meta":{"desktop":{"background-color":"var(--ast-global-color-4)","background-image":"","background-repeat":"repeat","background-position":"center center","background-size":"auto","background-attachment":"scroll","background-type":"","background-media":"","overlay-type":"","overlay-color":"","overlay-opacity":"","overlay-gradient":""},"tablet":{"background-color":"","background-image":"","background-repeat":"repeat","background-position":"center center","background-size":"auto","background-attachment":"scroll","background-type":"","background-media":"","overlay-type":"","overlay-color":"","overlay-opacity":"","overlay-gradient":""},"mobile":{"background-color":"","background-image":"","background-repeat":"repeat","background-position":"center center","background-size":"auto","background-attachment":"scroll","background-type":"","background-media":"","overlay-type":"","overlay-color":"","overlay-opacity":"","overlay-gradient":""}},"ast-content-background-meta":{"desktop":{"background-color":"var(--ast-global-color-5)","background-image":"","background-repeat":"repeat","background-position":"center center","background-size":"auto","background-attachment":"scroll","background-type":"","background-media":"","overlay-type":"","overlay-color":"","overlay-opacity":"","overlay-gradient":""},"tablet":{"background-color":"var(--ast-global-color-5)","background-image":"","background-repeat":"repeat","background-position":"center center","background-size":"auto","background-attachment":"scroll","background-type":"","background-media":"","overlay-type":"","overlay-color":"","overlay-opacity":"","overlay-gradient":""},"mobile":{"background-color":"var(--ast-global-color-5)","background-image":"","background-repeat":"repeat","background-position":"center center","background-size":"auto","background-attachment":"scroll","background-type":"","background-media":"","overlay-type":"","overlay-color":"","overlay-opacity":"","overlay-gradient":""}},"footnotes":""},"class_list":["post-4075","page","type-page","status-publish","hentry"],"yoast_head":"<!-- This site is optimized with the Yoast SEO plugin v27.5 - https:\/\/yoast.com\/product\/yoast-seo-wordpress\/ -->\n<title>\u00c9crire la po\u00e9sie - V\u00e9ronique TERRIEUX<\/title>\n<meta name=\"robots\" content=\"index, follow, max-snippet:-1, max-image-preview:large, max-video-preview:-1\" \/>\n<link rel=\"canonical\" href=\"https:\/\/bluefigure.com\/en\/ecrire-la-poesie\/\" \/>\n<meta property=\"og:locale\" content=\"en_US\" \/>\n<meta property=\"og:type\" content=\"article\" \/>\n<meta property=\"og:title\" content=\"\u00c9crire la po\u00e9sie - V\u00e9ronique TERRIEUX\" \/>\n<meta property=\"og:description\" content=\"AU-DELA\u00a0: \u00c9crire la po\u00e9sie \u2026 ou la voie de l\u2019\u00e2me. Du cr\u00e9puscule \u00e0 l\u2019aube, s\u2019\u00e9veiller la nuit pour essayer de voir plus clair, puis s\u2019endormir au matin du monde\u2026 Quand le besoin d\u2019\u00e9crire se fait pressant, \u00e9couter cet appel int\u00e9rieur devient une n\u00e9cessit\u00e9. Mettre des mots absolument, vite\u2026 sur des ressentis, des \u00e9motions, des souvenirs [&hellip;]\" \/>\n<meta property=\"og:url\" content=\"https:\/\/bluefigure.com\/en\/ecrire-la-poesie\/\" \/>\n<meta property=\"og:site_name\" content=\"V\u00e9ronique TERRIEUX\" \/>\n<meta property=\"article:modified_time\" content=\"2025-04-23T21:20:02+00:00\" \/>\n<meta property=\"og:image\" content=\"https:\/\/bluefigure.com\/wp-content\/uploads\/2025\/03\/IMAGE1-POESIE-scaled.jpg\" \/>\n\t<meta property=\"og:image:width\" content=\"1737\" \/>\n\t<meta property=\"og:image:height\" content=\"2560\" \/>\n\t<meta property=\"og:image:type\" content=\"image\/jpeg\" \/>\n<meta name=\"twitter:card\" content=\"summary_large_image\" \/>\n<meta name=\"twitter:label1\" content=\"Est. reading time\" \/>\n\t<meta name=\"twitter:data1\" content=\"2 minutes\" \/>\n<script type=\"application\/ld+json\" class=\"yoast-schema-graph\">{\"@context\":\"https:\\\/\\\/schema.org\",\"@graph\":[{\"@type\":\"WebPage\",\"@id\":\"https:\\\/\\\/bluefigure.com\\\/ecrire-la-poesie\\\/\",\"url\":\"https:\\\/\\\/bluefigure.com\\\/ecrire-la-poesie\\\/\",\"name\":\"\u00c9crire la po\u00e9sie - V\u00e9ronique TERRIEUX\",\"isPartOf\":{\"@id\":\"https:\\\/\\\/bluefigure.com\\\/#website\"},\"primaryImageOfPage\":{\"@id\":\"https:\\\/\\\/bluefigure.com\\\/ecrire-la-poesie\\\/#primaryimage\"},\"image\":{\"@id\":\"https:\\\/\\\/bluefigure.com\\\/ecrire-la-poesie\\\/#primaryimage\"},\"thumbnailUrl\":\"https:\\\/\\\/bluefigure.com\\\/wp-content\\\/uploads\\\/2025\\\/03\\\/IMAGE1-POESIE-695x1024.jpg\",\"datePublished\":\"2025-03-16T08:32:42+00:00\",\"dateModified\":\"2025-04-23T21:20:02+00:00\",\"breadcrumb\":{\"@id\":\"https:\\\/\\\/bluefigure.com\\\/ecrire-la-poesie\\\/#breadcrumb\"},\"inLanguage\":\"en-US\",\"potentialAction\":[{\"@type\":\"ReadAction\",\"target\":[\"https:\\\/\\\/bluefigure.com\\\/ecrire-la-poesie\\\/\"]}]},{\"@type\":\"ImageObject\",\"inLanguage\":\"en-US\",\"@id\":\"https:\\\/\\\/bluefigure.com\\\/ecrire-la-poesie\\\/#primaryimage\",\"url\":\"https:\\\/\\\/bluefigure.com\\\/wp-content\\\/uploads\\\/2025\\\/03\\\/IMAGE1-POESIE-695x1024.jpg\",\"contentUrl\":\"https:\\\/\\\/bluefigure.com\\\/wp-content\\\/uploads\\\/2025\\\/03\\\/IMAGE1-POESIE-695x1024.jpg\"},{\"@type\":\"BreadcrumbList\",\"@id\":\"https:\\\/\\\/bluefigure.com\\\/ecrire-la-poesie\\\/#breadcrumb\",\"itemListElement\":[{\"@type\":\"ListItem\",\"position\":1,\"name\":\"Accueil\",\"item\":\"https:\\\/\\\/bluefigure.com\\\/\"},{\"@type\":\"ListItem\",\"position\":2,\"name\":\"\u00c9crire la po\u00e9sie\"}]},{\"@type\":\"WebSite\",\"@id\":\"https:\\\/\\\/bluefigure.com\\\/#website\",\"url\":\"https:\\\/\\\/bluefigure.com\\\/\",\"name\":\"V\u00e9ronique TERRIEUX - Bluefigure\",\"description\":\"Artiste peintre fran\u00e7aise\",\"publisher\":{\"@id\":\"https:\\\/\\\/bluefigure.com\\\/#\\\/schema\\\/person\\\/3168086d808b44baee7e401f0116c2fd\"},\"potentialAction\":[{\"@type\":\"SearchAction\",\"target\":{\"@type\":\"EntryPoint\",\"urlTemplate\":\"https:\\\/\\\/bluefigure.com\\\/?s={search_term_string}\"},\"query-input\":{\"@type\":\"PropertyValueSpecification\",\"valueRequired\":true,\"valueName\":\"search_term_string\"}}],\"inLanguage\":\"en-US\"},{\"@type\":[\"Person\",\"Organization\"],\"@id\":\"https:\\\/\\\/bluefigure.com\\\/#\\\/schema\\\/person\\\/3168086d808b44baee7e401f0116c2fd\",\"name\":\"V\u00e9ronique TERRIEUX\",\"image\":{\"@type\":\"ImageObject\",\"inLanguage\":\"en-US\",\"@id\":\"https:\\\/\\\/bluefigure.com\\\/wp-content\\\/uploads\\\/2024\\\/12\\\/cropped-LOGO-Veronique-Terrieux.png\",\"url\":\"https:\\\/\\\/bluefigure.com\\\/wp-content\\\/uploads\\\/2024\\\/12\\\/cropped-LOGO-Veronique-Terrieux.png\",\"contentUrl\":\"https:\\\/\\\/bluefigure.com\\\/wp-content\\\/uploads\\\/2024\\\/12\\\/cropped-LOGO-Veronique-Terrieux.png\",\"width\":512,\"height\":512,\"caption\":\"V\u00e9ronique TERRIEUX\"},\"logo\":{\"@id\":\"https:\\\/\\\/bluefigure.com\\\/wp-content\\\/uploads\\\/2024\\\/12\\\/cropped-LOGO-Veronique-Terrieux.png\"}}]}<\/script>\n<!-- \/ Yoast SEO plugin. -->","yoast_head_json":{"title":"\u00c9crire la po\u00e9sie - V\u00e9ronique TERRIEUX","robots":{"index":"index","follow":"follow","max-snippet":"max-snippet:-1","max-image-preview":"max-image-preview:large","max-video-preview":"max-video-preview:-1"},"canonical":"https:\/\/bluefigure.com\/en\/ecrire-la-poesie\/","og_locale":"en_US","og_type":"article","og_title":"\u00c9crire la po\u00e9sie - V\u00e9ronique TERRIEUX","og_description":"AU-DELA\u00a0: \u00c9crire la po\u00e9sie \u2026 ou la voie de l\u2019\u00e2me. Du cr\u00e9puscule \u00e0 l\u2019aube, s\u2019\u00e9veiller la nuit pour essayer de voir plus clair, puis s\u2019endormir au matin du monde\u2026 Quand le besoin d\u2019\u00e9crire se fait pressant, \u00e9couter cet appel int\u00e9rieur devient une n\u00e9cessit\u00e9. Mettre des mots absolument, vite\u2026 sur des ressentis, des \u00e9motions, des souvenirs [&hellip;]","og_url":"https:\/\/bluefigure.com\/en\/ecrire-la-poesie\/","og_site_name":"V\u00e9ronique TERRIEUX","article_modified_time":"2025-04-23T21:20:02+00:00","og_image":[{"width":1737,"height":2560,"url":"https:\/\/bluefigure.com\/wp-content\/uploads\/2025\/03\/IMAGE1-POESIE-scaled.jpg","type":"image\/jpeg"}],"twitter_card":"summary_large_image","twitter_misc":{"Est. reading time":"2 minutes"},"schema":{"@context":"https:\/\/schema.org","@graph":[{"@type":"WebPage","@id":"https:\/\/bluefigure.com\/ecrire-la-poesie\/","url":"https:\/\/bluefigure.com\/ecrire-la-poesie\/","name":"\u00c9crire la po\u00e9sie - V\u00e9ronique TERRIEUX","isPartOf":{"@id":"https:\/\/bluefigure.com\/#website"},"primaryImageOfPage":{"@id":"https:\/\/bluefigure.com\/ecrire-la-poesie\/#primaryimage"},"image":{"@id":"https:\/\/bluefigure.com\/ecrire-la-poesie\/#primaryimage"},"thumbnailUrl":"https:\/\/bluefigure.com\/wp-content\/uploads\/2025\/03\/IMAGE1-POESIE-695x1024.jpg","datePublished":"2025-03-16T08:32:42+00:00","dateModified":"2025-04-23T21:20:02+00:00","breadcrumb":{"@id":"https:\/\/bluefigure.com\/ecrire-la-poesie\/#breadcrumb"},"inLanguage":"en-US","potentialAction":[{"@type":"ReadAction","target":["https:\/\/bluefigure.com\/ecrire-la-poesie\/"]}]},{"@type":"ImageObject","inLanguage":"en-US","@id":"https:\/\/bluefigure.com\/ecrire-la-poesie\/#primaryimage","url":"https:\/\/bluefigure.com\/wp-content\/uploads\/2025\/03\/IMAGE1-POESIE-695x1024.jpg","contentUrl":"https:\/\/bluefigure.com\/wp-content\/uploads\/2025\/03\/IMAGE1-POESIE-695x1024.jpg"},{"@type":"BreadcrumbList","@id":"https:\/\/bluefigure.com\/ecrire-la-poesie\/#breadcrumb","itemListElement":[{"@type":"ListItem","position":1,"name":"Accueil","item":"https:\/\/bluefigure.com\/"},{"@type":"ListItem","position":2,"name":"\u00c9crire la po\u00e9sie"}]},{"@type":"WebSite","@id":"https:\/\/bluefigure.com\/#website","url":"https:\/\/bluefigure.com\/","name":"V\u00e9ronique TERRIEUX - Bluefigure","description":"Artiste peintre fran\u00e7aise","publisher":{"@id":"https:\/\/bluefigure.com\/#\/schema\/person\/3168086d808b44baee7e401f0116c2fd"},"potentialAction":[{"@type":"SearchAction","target":{"@type":"EntryPoint","urlTemplate":"https:\/\/bluefigure.com\/?s={search_term_string}"},"query-input":{"@type":"PropertyValueSpecification","valueRequired":true,"valueName":"search_term_string"}}],"inLanguage":"en-US"},{"@type":["Person","Organization"],"@id":"https:\/\/bluefigure.com\/#\/schema\/person\/3168086d808b44baee7e401f0116c2fd","name":"V\u00e9ronique TERRIEUX","image":{"@type":"ImageObject","inLanguage":"en-US","@id":"https:\/\/bluefigure.com\/wp-content\/uploads\/2024\/12\/cropped-LOGO-Veronique-Terrieux.png","url":"https:\/\/bluefigure.com\/wp-content\/uploads\/2024\/12\/cropped-LOGO-Veronique-Terrieux.png","contentUrl":"https:\/\/bluefigure.com\/wp-content\/uploads\/2024\/12\/cropped-LOGO-Veronique-Terrieux.png","width":512,"height":512,"caption":"V\u00e9ronique TERRIEUX"},"logo":{"@id":"https:\/\/bluefigure.com\/wp-content\/uploads\/2024\/12\/cropped-LOGO-Veronique-Terrieux.png"}}]}},"_links":{"self":[{"href":"https:\/\/bluefigure.com\/en\/wp-json\/wp\/v2\/pages\/4075","targetHints":{"allow":["GET"]}}],"collection":[{"href":"https:\/\/bluefigure.com\/en\/wp-json\/wp\/v2\/pages"}],"about":[{"href":"https:\/\/bluefigure.com\/en\/wp-json\/wp\/v2\/types\/page"}],"author":[{"embeddable":true,"href":"https:\/\/bluefigure.com\/en\/wp-json\/wp\/v2\/users\/1"}],"replies":[{"embeddable":true,"href":"https:\/\/bluefigure.com\/en\/wp-json\/wp\/v2\/comments?post=4075"}],"version-history":[{"count":100,"href":"https:\/\/bluefigure.com\/en\/wp-json\/wp\/v2\/pages\/4075\/revisions"}],"predecessor-version":[{"id":5269,"href":"https:\/\/bluefigure.com\/en\/wp-json\/wp\/v2\/pages\/4075\/revisions\/5269"}],"wp:attachment":[{"href":"https:\/\/bluefigure.com\/en\/wp-json\/wp\/v2\/media?parent=4075"}],"curies":[{"name":"wp","href":"https:\/\/api.w.org\/{rel}","templated":true}]}}