{"id":1321,"date":"2024-12-13T14:19:04","date_gmt":"2024-12-13T13:19:04","guid":{"rendered":"https:\/\/bluefigure.com\/contact\/"},"modified":"2025-04-25T19:50:57","modified_gmt":"2025-04-25T17:50:57","slug":"contact","status":"publish","type":"page","link":"https:\/\/bluefigure.com\/en\/contact\/","title":{"rendered":"Contact"},"content":{"rendered":"\t\t<div data-elementor-type=\"wp-page\" data-elementor-id=\"1321\" class=\"elementor elementor-1321\">\n\t\t\t\t<div class=\"elementor-element elementor-element-6753142 e-flex e-con-boxed e-con e-parent\" data-id=\"6753142\" data-element_type=\"container\" data-e-type=\"container\" data-settings=\"{&quot;background_background&quot;:&quot;classic&quot;}\">\n\t\t\t\t\t<div class=\"e-con-inner\">\n\t\t<div class=\"elementor-element elementor-element-e6c12b6 e-con-full e-flex e-con e-child\" data-id=\"e6c12b6\" data-element_type=\"container\" data-e-type=\"container\">\n\t\t<div class=\"elementor-element elementor-element-3251d36 e-flex e-con-boxed e-con e-child\" data-id=\"3251d36\" data-element_type=\"container\" data-e-type=\"container\">\n\t\t\t\t\t<div class=\"e-con-inner\">\n\t\t<div class=\"elementor-element elementor-element-b8ab7ad e-con-full e-flex e-con e-child\" data-id=\"b8ab7ad\" data-element_type=\"container\" data-e-type=\"container\" data-settings=\"{&quot;background_background&quot;:&quot;classic&quot;}\">\n\t\t\t\t<div class=\"elementor-element elementor-element-e7ad7cd elementor-widget elementor-widget-heading\" data-id=\"e7ad7cd\" data-element_type=\"widget\" data-e-type=\"widget\" data-widget_type=\"heading.default\">\n\t\t\t\t<div class=\"elementor-widget-container\">\n\t\t\t\t\t<h4 class=\"elementor-heading-title elementor-size-default\">Ou me trouver ?<\/h4>\t\t\t\t<\/div>\n\t\t\t\t<\/div>\n\t\t\t\t<div class=\"elementor-element elementor-element-185d908 elementor-position-inline-start elementor-view-stacked elementor-shape-circle elementor-mobile-position-block-start elementor-widget elementor-widget-icon-box\" data-id=\"185d908\" data-element_type=\"widget\" data-e-type=\"widget\" data-widget_type=\"icon-box.default\">\n\t\t\t\t<div class=\"elementor-widget-container\">\n\t\t\t\t\t\t\t<div class=\"elementor-icon-box-wrapper\">\n\n\t\t\t\t\t\t<div class=\"elementor-icon-box-icon\">\n\t\t\t\t<a href=\"https:\/\/www.instagram.com\/veroniqueterrieux\/\" target=\"_blank\" class=\"elementor-icon\" tabindex=\"-1\">\n\t\t\t\t<svg aria-hidden=\"true\" class=\"e-font-icon-svg e-fab-instagram\" viewBox=\"0 0 448 512\" xmlns=\"http:\/\/www.w3.org\/2000\/svg\"><path d=\"M224.1 141c-63.6 0-114.9 51.3-114.9 114.9s51.3 114.9 114.9 114.9S339 319.5 339 255.9 287.7 141 224.1 141zm0 189.6c-41.1 0-74.7-33.5-74.7-74.7s33.5-74.7 74.7-74.7 74.7 33.5 74.7 74.7-33.6 74.7-74.7 74.7zm146.4-194.3c0 14.9-12 26.8-26.8 26.8-14.9 0-26.8-12-26.8-26.8s12-26.8 26.8-26.8 26.8 12 26.8 26.8zm76.1 27.2c-1.7-35.9-9.9-67.7-36.2-93.9-26.2-26.2-58-34.4-93.9-36.2-37-2.1-147.9-2.1-184.9 0-35.8 1.7-67.6 9.9-93.9 36.1s-34.4 58-36.2 93.9c-2.1 37-2.1 147.9 0 184.9 1.7 35.9 9.9 67.7 36.2 93.9s58 34.4 93.9 36.2c37 2.1 147.9 2.1 184.9 0 35.9-1.7 67.7-9.9 93.9-36.2 26.2-26.2 34.4-58 36.2-93.9 2.1-37 2.1-147.8 0-184.8zM398.8 388c-7.8 19.6-22.9 34.7-42.6 42.6-29.5 11.7-99.5 9-132.1 9s-102.7 2.6-132.1-9c-19.6-7.8-34.7-22.9-42.6-42.6-11.7-29.5-9-99.5-9-132.1s-2.6-102.7 9-132.1c7.8-19.6 22.9-34.7 42.6-42.6 29.5-11.7 99.5-9 132.1-9s102.7-2.6 132.1 9c19.6 7.8 34.7 22.9 42.6 42.6 11.7 29.5 9 99.5 9 132.1s2.7 102.7-9 132.1z\"><\/path><\/svg>\t\t\t\t<\/a>\n\t\t\t<\/div>\n\t\t\t\n\t\t\t\t\t\t<div class=\"elementor-icon-box-content\">\n\n\t\t\t\t\n\t\t\t\t\t\t\t\t\t<p class=\"elementor-icon-box-description\">\n\t\t\t\t\t\t@veroniqueterrieux\t\t\t\t\t<\/p>\n\t\t\t\t\n\t\t\t<\/div>\n\t\t\t\n\t\t<\/div>\n\t\t\t\t\t\t<\/div>\n\t\t\t\t<\/div>\n\t\t\t\t<div class=\"elementor-element elementor-element-b9dd2a1 elementor-position-inline-start elementor-view-stacked elementor-shape-circle elementor-mobile-position-block-start elementor-widget elementor-widget-icon-box\" data-id=\"b9dd2a1\" data-element_type=\"widget\" data-e-type=\"widget\" data-widget_type=\"icon-box.default\">\n\t\t\t\t<div class=\"elementor-widget-container\">\n\t\t\t\t\t\t\t<div class=\"elementor-icon-box-wrapper\">\n\n\t\t\t\t\t\t<div class=\"elementor-icon-box-icon\">\n\t\t\t\t<a href=\"mailto:vterrieux@bluefigure.com\" target=\"_blank\" class=\"elementor-icon\" tabindex=\"-1\">\n\t\t\t\t<svg aria-hidden=\"true\" class=\"e-font-icon-svg e-far-envelope\" viewBox=\"0 0 512 512\" xmlns=\"http:\/\/www.w3.org\/2000\/svg\"><path d=\"M464 64H48C21.49 64 0 85.49 0 112v288c0 26.51 21.49 48 48 48h416c26.51 0 48-21.49 48-48V112c0-26.51-21.49-48-48-48zm0 48v40.805c-22.422 18.259-58.168 46.651-134.587 106.49-16.841 13.247-50.201 45.072-73.413 44.701-23.208.375-56.579-31.459-73.413-44.701C106.18 199.465 70.425 171.067 48 152.805V112h416zM48 400V214.398c22.914 18.251 55.409 43.862 104.938 82.646 21.857 17.205 60.134 55.186 103.062 54.955 42.717.231 80.509-37.199 103.053-54.947 49.528-38.783 82.032-64.401 104.947-82.653V400H48z\"><\/path><\/svg>\t\t\t\t<\/a>\n\t\t\t<\/div>\n\t\t\t\n\t\t\t\t\t\t<div class=\"elementor-icon-box-content\">\n\n\t\t\t\t\n\t\t\t\t\t\t\t\t\t<p class=\"elementor-icon-box-description\">\n\t\t\t\t\t\tvterrieux@bluefigure.com\t\t\t\t\t<\/p>\n\t\t\t\t\n\t\t\t<\/div>\n\t\t\t\n\t\t<\/div>\n\t\t\t\t\t\t<\/div>\n\t\t\t\t<\/div>\n\t\t<div class=\"elementor-element elementor-element-4769498 e-con-full e-flex e-con e-child\" data-id=\"4769498\" data-element_type=\"container\" data-e-type=\"container\">\n\t\t\t\t<div class=\"elementor-element elementor-element-7b568ef elementor-widget elementor-widget-text-editor\" data-id=\"7b568ef\" data-element_type=\"widget\" data-e-type=\"widget\" data-widget_type=\"text-editor.default\">\n\t\t\t\t<div class=\"elementor-widget-container\">\n\t\t\t\t\t\t\t\t\t<p style=\"text-align: left;\"><em style=\"padding-bottom: 20px;\">Oeuvres disponibles<\/em><\/p><p style=\"text-align: left;\"><a style=\"color: black;\" href=\"https:\/\/galeriegrillon.fr\/?artistes=terrieux-veronique\" target=\"_blank\" rel=\"noopener\"><i class=\"fa fa-globe\" aria-hidden=\"true\"><\/i>\u00a0\u00a0GALERIE GRILLON (Paris 6e)<\/a><br \/><span style=\"text-decoration: underline;\"><a style=\"color: black;\" href=\"mailto:galeriegrillon@gmail.com\" target=\"_blank\" rel=\"noopener\">galeriegrillon@gmail.com<\/a><\/span><\/p>\t\t\t\t\t\t\t\t<\/div>\n\t\t\t\t<\/div>\n\t\t\t\t<\/div>\n\t\t\t\t<\/div>\n\t\t<div class=\"elementor-element elementor-element-303e334 e-con-full e-flex e-con e-child\" data-id=\"303e334\" data-element_type=\"container\" data-e-type=\"container\">\n\t\t\t\t<div class=\"elementor-element elementor-element-4fb4811 elementor-widget elementor-widget-heading\" data-id=\"4fb4811\" data-element_type=\"widget\" data-e-type=\"widget\" data-widget_type=\"heading.default\">\n\t\t\t\t<div class=\"elementor-widget-container\">\n\t\t\t\t\t<h4 class=\"elementor-heading-title elementor-size-default\">Envoyez moi un message<\/h4>\t\t\t\t<\/div>\n\t\t\t\t<\/div>\n\t\t\t\t<div class=\"elementor-element elementor-element-e618af3 elementor-widget elementor-widget-shortcode\" data-id=\"e618af3\" data-element_type=\"widget\" data-e-type=\"widget\" data-widget_type=\"shortcode.default\">\n\t\t\t\t<div class=\"elementor-widget-container\">\n\t\t\t\t\t\t\t<div class=\"elementor-shortcode\"><div class=\"wpforms-container \" id=\"wpforms-14\"><form id=\"wpforms-form-14\" class=\"wpforms-validate wpforms-form wpforms-ajax-form\" data-formid=\"14\" method=\"post\" enctype=\"multipart\/form-data\" action=\"\/en\/wp-json\/wp\/v2\/pages\/1321\" data-token=\"20657db023ccb9bd2de06da0874ea028\" data-token-time=\"1778428137\"><noscript class=\"wpforms-error-noscript\">Please enable JavaScript in your browser to complete this form.<\/noscript><div class=\"wpforms-field-container\"><div id=\"wpforms-14-field_0-container\" class=\"wpforms-field wpforms-field-name\" data-field-id=\"0\"><label class=\"wpforms-field-label wpforms-label-hide\" for=\"wpforms-14-field_0\">Nom <span class=\"wpforms-required-label\">*<\/span><\/label><input type=\"text\" id=\"wpforms-14-field_0\" class=\"wpforms-field-large wpforms-field-required\" name=\"wpforms[fields][0]\" placeholder=\"Votre nom\" required><\/div><div id=\"wpforms-14-field_1-container\" class=\"wpforms-field wpforms-field-email\" data-field-id=\"1\"><label class=\"wpforms-field-label wpforms-label-hide\" for=\"wpforms-14-field_1\">Adresse email <span class=\"wpforms-required-label\">*<\/span><\/label><input type=\"email\" id=\"wpforms-14-field_1\" class=\"wpforms-field-large wpforms-field-required\" name=\"wpforms[fields][1]\" placeholder=\"Adresse email\" spellcheck=\"false\" required><\/div><div id=\"wpforms-14-field_2-container\" class=\"wpforms-field wpforms-field-textarea\" data-field-id=\"2\"><label class=\"wpforms-field-label wpforms-label-hide\" for=\"wpforms-14-field_2\">Your Message <span class=\"wpforms-required-label\">*<\/span><\/label><textarea id=\"wpforms-14-field_2\" class=\"wpforms-field-medium wpforms-field-required\" name=\"wpforms[fields][2]\" placeholder=\"Message\" required><\/textarea><\/div><\/div><!-- .wpforms-field-container --><div class=\"wpforms-submit-container\" ><input type=\"hidden\" name=\"wpforms[id]\" value=\"14\"><input type=\"hidden\" name=\"page_title\" value=\"\"><input type=\"hidden\" name=\"page_url\" value=\"https:\/\/bluefigure.com\/en\/wp-json\/wp\/v2\/pages\/1321\"><button type=\"submit\" name=\"wpforms[submit]\" id=\"wpforms-submit-14\" class=\"wpforms-submit\" data-alt-text=\"Envoi en cours...\" data-submit-text=\"Envoyer\" aria-live=\"assertive\" value=\"wpforms-submit\">Envoyer<\/button><img decoding=\"async\" src=\"https:\/\/bluefigure.com\/wp-content\/plugins\/wpforms-lite\/assets\/images\/submit-spin.svg\" class=\"wpforms-submit-spinner\" style=\"display: none;\" width=\"26\" height=\"26\" alt=\"Loading\"><\/div><\/form><\/div>  <!-- .wpforms-container --><\/div>\n\t\t\t\t\t\t<\/div>\n\t\t\t\t<\/div>\n\t\t\t\t<\/div>\n\t\t\t\t\t<\/div>\n\t\t\t\t<\/div>\n\t\t\t\t<\/div>\n\t\t\t\t\t<\/div>\n\t\t\t\t<\/div>\n\t\t\t\t<\/div>\n\t\t","protected":false},"excerpt":{"rendered":"<p>Ou me trouver ? @veroniqueterrieux vterrieux@bluefigure.com Oeuvres disponibles \u00a0\u00a0GALERIE GRILLON (Paris 6e)galeriegrillon@gmail.com Envoyez moi un message<\/p>","protected":false},"author":1,"featured_media":0,"parent":0,"menu_order":0,"comment_status":"closed","ping_status":"closed","template":"","meta":{"site-sidebar-layout":"no-sidebar","site-content-layout":"page-builder","ast-site-content-layout":"full-width-container","site-content-style":"unboxed","site-sidebar-style":"unboxed","ast-global-header-display":"","ast-banner-title-visibility":"","ast-main-header-display":"","ast-hfb-above-header-display":"","ast-hfb-below-header-display":"","ast-hfb-mobile-header-display":"","site-post-title":"disabled","ast-breadcrumbs-content":"","ast-featured-img":"disabled","footer-sml-layout":"","theme-transparent-header-meta":"enabled","adv-header-id-meta":"","stick-header-meta":"","header-above-stick-meta":"","header-main-stick-meta":"","header-below-stick-meta":"","astra-migrate-meta-layouts":"set","ast-page-background-enabled":"default","ast-page-background-meta":{"desktop":{"background-color":"var(--ast-global-color-4)","background-image":"","background-repeat":"repeat","background-position":"center center","background-size":"auto","background-attachment":"scroll","background-type":"","background-media":"","overlay-type":"","overlay-color":"","overlay-opacity":"","overlay-gradient":""},"tablet":{"background-color":"","background-image":"","background-repeat":"repeat","background-position":"center center","background-size":"auto","background-attachment":"scroll","background-type":"","background-media":"","overlay-type":"","overlay-color":"","overlay-opacity":"","overlay-gradient":""},"mobile":{"background-color":"","background-image":"","background-repeat":"repeat","background-position":"center center","background-size":"auto","background-attachment":"scroll","background-type":"","background-media":"","overlay-type":"","overlay-color":"","overlay-opacity":"","overlay-gradient":""}},"ast-content-background-meta":{"desktop":{"background-color":"var(--ast-global-color-5)","background-image":"","background-repeat":"repeat","background-position":"center center","background-size":"auto","background-attachment":"scroll","background-type":"","background-media":"","overlay-type":"","overlay-color":"","overlay-opacity":"","overlay-gradient":""},"tablet":{"background-color":"var(--ast-global-color-5)","background-image":"","background-repeat":"repeat","background-position":"center center","background-size":"auto","background-attachment":"scroll","background-type":"","background-media":"","overlay-type":"","overlay-color":"","overlay-opacity":"","overlay-gradient":""},"mobile":{"background-color":"var(--ast-global-color-5)","background-image":"","background-repeat":"repeat","background-position":"center center","background-size":"auto","background-attachment":"scroll","background-type":"","background-media":"","overlay-type":"","overlay-color":"","overlay-opacity":"","overlay-gradient":""}},"footnotes":""},"class_list":["post-1321","page","type-page","status-publish","hentry"],"yoast_head":"<!-- This site is optimized with the Yoast SEO plugin v27.5 - https:\/\/yoast.com\/product\/yoast-seo-wordpress\/ -->\n<title>Contacter V\u00e9ronique Terrieux par instagram ou email<\/title>\n<meta name=\"description\" content=\"D\u00e9couvrez o\u00f9 trouver les \u0153uvres de V\u00e9ronique Terrieux : contact par Instagram ou email pour plus d&#039;informations.\" \/>\n<meta name=\"robots\" content=\"index, follow, max-snippet:-1, max-image-preview:large, max-video-preview:-1\" \/>\n<link rel=\"canonical\" href=\"https:\/\/bluefigure.com\/en\/contact\/\" \/>\n<meta property=\"og:locale\" content=\"en_US\" \/>\n<meta property=\"og:type\" content=\"article\" \/>\n<meta property=\"og:title\" content=\"Contacter V\u00e9ronique Terrieux par instagram ou email\" \/>\n<meta property=\"og:description\" content=\"D\u00e9couvrez o\u00f9 trouver les \u0153uvres de V\u00e9ronique Terrieux : contact par Instagram ou email pour plus d&#039;informations.\" \/>\n<meta property=\"og:url\" content=\"https:\/\/bluefigure.com\/en\/contact\/\" \/>\n<meta property=\"og:site_name\" content=\"V\u00e9ronique TERRIEUX\" \/>\n<meta property=\"article:modified_time\" content=\"2025-04-25T17:50:57+00:00\" \/>\n<meta name=\"twitter:card\" content=\"summary_large_image\" \/>\n<meta name=\"twitter:label1\" content=\"Est. reading time\" \/>\n\t<meta name=\"twitter:data1\" content=\"1 minute\" \/>\n<script type=\"application\/ld+json\" class=\"yoast-schema-graph\">{\"@context\":\"https:\\\/\\\/schema.org\",\"@graph\":[{\"@type\":\"WebPage\",\"@id\":\"https:\\\/\\\/bluefigure.com\\\/contact\\\/\",\"url\":\"https:\\\/\\\/bluefigure.com\\\/contact\\\/\",\"name\":\"Contacter V\u00e9ronique Terrieux par instagram ou email\",\"isPartOf\":{\"@id\":\"https:\\\/\\\/bluefigure.com\\\/#website\"},\"datePublished\":\"2024-12-13T13:19:04+00:00\",\"dateModified\":\"2025-04-25T17:50:57+00:00\",\"description\":\"D\u00e9couvrez o\u00f9 trouver les \u0153uvres de V\u00e9ronique Terrieux : contact par Instagram ou email pour plus d'informations.\",\"breadcrumb\":{\"@id\":\"https:\\\/\\\/bluefigure.com\\\/contact\\\/#breadcrumb\"},\"inLanguage\":\"en-US\",\"potentialAction\":[{\"@type\":\"ReadAction\",\"target\":[\"https:\\\/\\\/bluefigure.com\\\/contact\\\/\"]}]},{\"@type\":\"BreadcrumbList\",\"@id\":\"https:\\\/\\\/bluefigure.com\\\/contact\\\/#breadcrumb\",\"itemListElement\":[{\"@type\":\"ListItem\",\"position\":1,\"name\":\"Accueil\",\"item\":\"https:\\\/\\\/bluefigure.com\\\/\"},{\"@type\":\"ListItem\",\"position\":2,\"name\":\"Contact\"}]},{\"@type\":\"WebSite\",\"@id\":\"https:\\\/\\\/bluefigure.com\\\/#website\",\"url\":\"https:\\\/\\\/bluefigure.com\\\/\",\"name\":\"V\u00e9ronique TERRIEUX - Bluefigure\",\"description\":\"Artiste peintre fran\u00e7aise\",\"publisher\":{\"@id\":\"https:\\\/\\\/bluefigure.com\\\/#\\\/schema\\\/person\\\/3168086d808b44baee7e401f0116c2fd\"},\"potentialAction\":[{\"@type\":\"SearchAction\",\"target\":{\"@type\":\"EntryPoint\",\"urlTemplate\":\"https:\\\/\\\/bluefigure.com\\\/?s={search_term_string}\"},\"query-input\":{\"@type\":\"PropertyValueSpecification\",\"valueRequired\":true,\"valueName\":\"search_term_string\"}}],\"inLanguage\":\"en-US\"},{\"@type\":[\"Person\",\"Organization\"],\"@id\":\"https:\\\/\\\/bluefigure.com\\\/#\\\/schema\\\/person\\\/3168086d808b44baee7e401f0116c2fd\",\"name\":\"V\u00e9ronique TERRIEUX\",\"image\":{\"@type\":\"ImageObject\",\"inLanguage\":\"en-US\",\"@id\":\"https:\\\/\\\/bluefigure.com\\\/wp-content\\\/uploads\\\/2024\\\/12\\\/cropped-LOGO-Veronique-Terrieux.png\",\"url\":\"https:\\\/\\\/bluefigure.com\\\/wp-content\\\/uploads\\\/2024\\\/12\\\/cropped-LOGO-Veronique-Terrieux.png\",\"contentUrl\":\"https:\\\/\\\/bluefigure.com\\\/wp-content\\\/uploads\\\/2024\\\/12\\\/cropped-LOGO-Veronique-Terrieux.png\",\"width\":512,\"height\":512,\"caption\":\"V\u00e9ronique TERRIEUX\"},\"logo\":{\"@id\":\"https:\\\/\\\/bluefigure.com\\\/wp-content\\\/uploads\\\/2024\\\/12\\\/cropped-LOGO-Veronique-Terrieux.png\"}}]}<\/script>\n<!-- \/ Yoast SEO plugin. -->","yoast_head_json":{"title":"Contacter V\u00e9ronique Terrieux par instagram ou email","description":"D\u00e9couvrez o\u00f9 trouver les \u0153uvres de V\u00e9ronique Terrieux : contact par Instagram ou email pour plus d'informations.","robots":{"index":"index","follow":"follow","max-snippet":"max-snippet:-1","max-image-preview":"max-image-preview:large","max-video-preview":"max-video-preview:-1"},"canonical":"https:\/\/bluefigure.com\/en\/contact\/","og_locale":"en_US","og_type":"article","og_title":"Contacter V\u00e9ronique Terrieux par instagram ou email","og_description":"D\u00e9couvrez o\u00f9 trouver les \u0153uvres de V\u00e9ronique Terrieux : contact par Instagram ou email pour plus d'informations.","og_url":"https:\/\/bluefigure.com\/en\/contact\/","og_site_name":"V\u00e9ronique TERRIEUX","article_modified_time":"2025-04-25T17:50:57+00:00","twitter_card":"summary_large_image","twitter_misc":{"Est. reading time":"1 minute"},"schema":{"@context":"https:\/\/schema.org","@graph":[{"@type":"WebPage","@id":"https:\/\/bluefigure.com\/contact\/","url":"https:\/\/bluefigure.com\/contact\/","name":"Contacter V\u00e9ronique Terrieux par instagram ou email","isPartOf":{"@id":"https:\/\/bluefigure.com\/#website"},"datePublished":"2024-12-13T13:19:04+00:00","dateModified":"2025-04-25T17:50:57+00:00","description":"D\u00e9couvrez o\u00f9 trouver les \u0153uvres de V\u00e9ronique Terrieux : contact par Instagram ou email pour plus d'informations.","breadcrumb":{"@id":"https:\/\/bluefigure.com\/contact\/#breadcrumb"},"inLanguage":"en-US","potentialAction":[{"@type":"ReadAction","target":["https:\/\/bluefigure.com\/contact\/"]}]},{"@type":"BreadcrumbList","@id":"https:\/\/bluefigure.com\/contact\/#breadcrumb","itemListElement":[{"@type":"ListItem","position":1,"name":"Accueil","item":"https:\/\/bluefigure.com\/"},{"@type":"ListItem","position":2,"name":"Contact"}]},{"@type":"WebSite","@id":"https:\/\/bluefigure.com\/#website","url":"https:\/\/bluefigure.com\/","name":"V\u00e9ronique TERRIEUX - Bluefigure","description":"Artiste peintre fran\u00e7aise","publisher":{"@id":"https:\/\/bluefigure.com\/#\/schema\/person\/3168086d808b44baee7e401f0116c2fd"},"potentialAction":[{"@type":"SearchAction","target":{"@type":"EntryPoint","urlTemplate":"https:\/\/bluefigure.com\/?s={search_term_string}"},"query-input":{"@type":"PropertyValueSpecification","valueRequired":true,"valueName":"search_term_string"}}],"inLanguage":"en-US"},{"@type":["Person","Organization"],"@id":"https:\/\/bluefigure.com\/#\/schema\/person\/3168086d808b44baee7e401f0116c2fd","name":"V\u00e9ronique TERRIEUX","image":{"@type":"ImageObject","inLanguage":"en-US","@id":"https:\/\/bluefigure.com\/wp-content\/uploads\/2024\/12\/cropped-LOGO-Veronique-Terrieux.png","url":"https:\/\/bluefigure.com\/wp-content\/uploads\/2024\/12\/cropped-LOGO-Veronique-Terrieux.png","contentUrl":"https:\/\/bluefigure.com\/wp-content\/uploads\/2024\/12\/cropped-LOGO-Veronique-Terrieux.png","width":512,"height":512,"caption":"V\u00e9ronique TERRIEUX"},"logo":{"@id":"https:\/\/bluefigure.com\/wp-content\/uploads\/2024\/12\/cropped-LOGO-Veronique-Terrieux.png"}}]}},"_links":{"self":[{"href":"https:\/\/bluefigure.com\/en\/wp-json\/wp\/v2\/pages\/1321","targetHints":{"allow":["GET"]}}],"collection":[{"href":"https:\/\/bluefigure.com\/en\/wp-json\/wp\/v2\/pages"}],"about":[{"href":"https:\/\/bluefigure.com\/en\/wp-json\/wp\/v2\/types\/page"}],"author":[{"embeddable":true,"href":"https:\/\/bluefigure.com\/en\/wp-json\/wp\/v2\/users\/1"}],"replies":[{"embeddable":true,"href":"https:\/\/bluefigure.com\/en\/wp-json\/wp\/v2\/comments?post=1321"}],"version-history":[{"count":106,"href":"https:\/\/bluefigure.com\/en\/wp-json\/wp\/v2\/pages\/1321\/revisions"}],"predecessor-version":[{"id":4945,"href":"https:\/\/bluefigure.com\/en\/wp-json\/wp\/v2\/pages\/1321\/revisions\/4945"}],"wp:attachment":[{"href":"https:\/\/bluefigure.com\/en\/wp-json\/wp\/v2\/media?parent=1321"}],"curies":[{"name":"wp","href":"https:\/\/api.w.org\/{rel}","templated":true}]}}